{"id":20929,"date":"2026-05-13T09:55:35","date_gmt":"2026-05-13T07:55:35","guid":{"rendered":"https:\/\/esentialaroms.com\/productos\/esentialfamily-body-milk-2\/"},"modified":"2026-05-13T09:55:38","modified_gmt":"2026-05-13T07:55:38","slug":"esentialfamily-body-milk-2","status":"publish","type":"product","link":"https:\/\/esentialaroms.com\/pt-pt\/productos\/esentialfamily-body-milk-2\/","title":{"rendered":"ESENTIAL&#8217;FAMILY BODY MILK"},"content":{"rendered":"<div>Manteiga de karit\u00e9, alo\u00e9 vera, \u00f3leo virgem de am\u00eandoas doces, extrato de arroz, beta\u00edna e macerado arom\u00e1tico de bagas de goji. &nbsp;<\/div>\n","protected":false},"excerpt":{"rendered":"<div>O nosso Body Milk transforma os cuidados corporais num ritual de calma, hidrata\u00e7\u00e3o e suavidade profunda. \u00c9 formulado com beta\u00edna de beterraba, alo\u00e9 vera, bagas de goji, manteiga de karit\u00e9, extrato de arroz, \u00f3leo de am\u00eandoas doces e ceramidas de jojoba. &nbsp;<\/div>\n","protected":false},"featured_media":20930,"comment_status":"open","ping_status":"closed","template":"","meta":{"_acf_changed":false,"rs_blank_template":"","rs_page_bg_color":"","slide_template_v7":""},"product_brand":[],"product_cat":[461,323],"product_tag":[],"class_list":{"0":"post-20929","1":"product","2":"type-product","3":"status-publish","4":"has-post-thumbnail","6":"product_cat-esentialfamily","7":"product_cat-familias","9":"first","10":"instock","11":"shipping-taxable","12":"purchasable","13":"product-type-simple"},"acf":[],"_links":{"self":[{"href":"https:\/\/esentialaroms.com\/pt-pt\/wp-json\/wp\/v2\/product\/20929","targetHints":{"allow":["GET"]}}],"collection":[{"href":"https:\/\/esentialaroms.com\/pt-pt\/wp-json\/wp\/v2\/product"}],"about":[{"href":"https:\/\/esentialaroms.com\/pt-pt\/wp-json\/wp\/v2\/types\/product"}],"replies":[{"embeddable":true,"href":"https:\/\/esentialaroms.com\/pt-pt\/wp-json\/wp\/v2\/comments?post=20929"}],"version-history":[{"count":1,"href":"https:\/\/esentialaroms.com\/pt-pt\/wp-json\/wp\/v2\/product\/20929\/revisions"}],"predecessor-version":[{"id":20931,"href":"https:\/\/esentialaroms.com\/pt-pt\/wp-json\/wp\/v2\/product\/20929\/revisions\/20931"}],"wp:featuredmedia":[{"embeddable":true,"href":"https:\/\/esentialaroms.com\/pt-pt\/wp-json\/wp\/v2\/media\/20930"}],"wp:attachment":[{"href":"https:\/\/esentialaroms.com\/pt-pt\/wp-json\/wp\/v2\/media?parent=20929"}],"wp:term":[{"taxonomy":"product_brand","embeddable":true,"href":"https:\/\/esentialaroms.com\/pt-pt\/wp-json\/wp\/v2\/product_brand?post=20929"},{"taxonomy":"product_cat","embeddable":true,"href":"https:\/\/esentialaroms.com\/pt-pt\/wp-json\/wp\/v2\/product_cat?post=20929"},{"taxonomy":"product_tag","embeddable":true,"href":"https:\/\/esentialaroms.com\/pt-pt\/wp-json\/wp\/v2\/product_tag?post=20929"}],"curies":[{"name":"wp","href":"https:\/\/api.w.org\/{rel}","templated":true}]}}