{"id":20892,"date":"2026-05-13T09:55:16","date_gmt":"2026-05-13T07:55:16","guid":{"rendered":"https:\/\/esentialaroms.com\/productos\/esentialfamily-gel-corporal-2\/"},"modified":"2026-05-13T09:55:20","modified_gmt":"2026-05-13T07:55:20","slug":"esentialfamily-gel-corporal-2","status":"publish","type":"product","link":"https:\/\/esentialaroms.com\/pt-pt\/productos\/esentialfamily-gel-corporal-2\/","title":{"rendered":"ESENTIAL&#8217;FAMILY SHOWER GEL"},"content":{"rendered":"<div>Extrato de alo\u00e9 vera biol\u00f3gico, macerado arom\u00e1tico de bagas de goji e polissac\u00e1ridos naturais com efeito calmante. &nbsp;<\/div>\n","protected":false},"excerpt":{"rendered":"<div>Revitaliza em profundidade e devolve a energia ao corpo ap\u00f3s um longo dia, deixando a pele fresca, el\u00e1stica e visivelmente mais luminosa. A sua f\u00f3rmula com alo\u00e9 vera e bagas de goji hidrata e acalma, transformando o banho num momento de aut\u00eantico bem-estar. &nbsp;<\/div>\n","protected":false},"featured_media":20893,"comment_status":"open","ping_status":"closed","template":"","meta":{"_acf_changed":false,"rs_blank_template":"","rs_page_bg_color":"","slide_template_v7":""},"product_brand":[],"product_cat":[461,323],"product_tag":[],"class_list":{"0":"post-20892","1":"product","2":"type-product","3":"status-publish","4":"has-post-thumbnail","6":"product_cat-esentialfamily","7":"product_cat-familias","9":"first","10":"instock","11":"shipping-taxable","12":"purchasable","13":"product-type-simple"},"acf":[],"_links":{"self":[{"href":"https:\/\/esentialaroms.com\/pt-pt\/wp-json\/wp\/v2\/product\/20892","targetHints":{"allow":["GET"]}}],"collection":[{"href":"https:\/\/esentialaroms.com\/pt-pt\/wp-json\/wp\/v2\/product"}],"about":[{"href":"https:\/\/esentialaroms.com\/pt-pt\/wp-json\/wp\/v2\/types\/product"}],"replies":[{"embeddable":true,"href":"https:\/\/esentialaroms.com\/pt-pt\/wp-json\/wp\/v2\/comments?post=20892"}],"version-history":[{"count":1,"href":"https:\/\/esentialaroms.com\/pt-pt\/wp-json\/wp\/v2\/product\/20892\/revisions"}],"predecessor-version":[{"id":20894,"href":"https:\/\/esentialaroms.com\/pt-pt\/wp-json\/wp\/v2\/product\/20892\/revisions\/20894"}],"wp:featuredmedia":[{"embeddable":true,"href":"https:\/\/esentialaroms.com\/pt-pt\/wp-json\/wp\/v2\/media\/20893"}],"wp:attachment":[{"href":"https:\/\/esentialaroms.com\/pt-pt\/wp-json\/wp\/v2\/media?parent=20892"}],"wp:term":[{"taxonomy":"product_brand","embeddable":true,"href":"https:\/\/esentialaroms.com\/pt-pt\/wp-json\/wp\/v2\/product_brand?post=20892"},{"taxonomy":"product_cat","embeddable":true,"href":"https:\/\/esentialaroms.com\/pt-pt\/wp-json\/wp\/v2\/product_cat?post=20892"},{"taxonomy":"product_tag","embeddable":true,"href":"https:\/\/esentialaroms.com\/pt-pt\/wp-json\/wp\/v2\/product_tag?post=20892"}],"curies":[{"name":"wp","href":"https:\/\/api.w.org\/{rel}","templated":true}]}}