{"id":20881,"date":"2026-05-13T09:55:09","date_gmt":"2026-05-13T07:55:09","guid":{"rendered":"https:\/\/esentialaroms.com\/productos\/esentialfamily-champu-2\/"},"modified":"2026-05-13T09:55:14","modified_gmt":"2026-05-13T07:55:14","slug":"esentialfamily-champu-2","status":"publish","type":"product","link":"https:\/\/esentialaroms.com\/pt-pt\/productos\/esentialfamily-champu-2\/","title":{"rendered":"ESENTIAL&#8217;FAMILY SHAMPOO"},"content":{"rendered":"<div>Extrato de alo\u00e9 vera biol\u00f3gico, macerado arom\u00e1tico de bagas de goji e polissac\u00e1ridos naturais com efeito calmante. &nbsp;<\/div>\n","protected":false},"excerpt":{"rendered":"<div>As propriedades \u00fanicas das bagas de goji, famosas pela sua a\u00e7\u00e3o hidratante e reparadora, deixam o cabelo cheio de frescura, sedoso e livre de impurezas. Formulado com beta\u00edna de beterraba, alo\u00e9 vera e bagas de goji. &nbsp;<\/div>\n","protected":false},"featured_media":20882,"comment_status":"open","ping_status":"closed","template":"","meta":{"_acf_changed":false,"rs_blank_template":"","rs_page_bg_color":"","slide_template_v7":""},"product_brand":[],"product_cat":[461,323],"product_tag":[],"class_list":{"0":"post-20881","1":"product","2":"type-product","3":"status-publish","4":"has-post-thumbnail","6":"product_cat-esentialfamily","7":"product_cat-familias","9":"first","10":"instock","11":"shipping-taxable","12":"purchasable","13":"product-type-simple"},"acf":[],"_links":{"self":[{"href":"https:\/\/esentialaroms.com\/pt-pt\/wp-json\/wp\/v2\/product\/20881","targetHints":{"allow":["GET"]}}],"collection":[{"href":"https:\/\/esentialaroms.com\/pt-pt\/wp-json\/wp\/v2\/product"}],"about":[{"href":"https:\/\/esentialaroms.com\/pt-pt\/wp-json\/wp\/v2\/types\/product"}],"replies":[{"embeddable":true,"href":"https:\/\/esentialaroms.com\/pt-pt\/wp-json\/wp\/v2\/comments?post=20881"}],"version-history":[{"count":1,"href":"https:\/\/esentialaroms.com\/pt-pt\/wp-json\/wp\/v2\/product\/20881\/revisions"}],"predecessor-version":[{"id":20883,"href":"https:\/\/esentialaroms.com\/pt-pt\/wp-json\/wp\/v2\/product\/20881\/revisions\/20883"}],"wp:featuredmedia":[{"embeddable":true,"href":"https:\/\/esentialaroms.com\/pt-pt\/wp-json\/wp\/v2\/media\/20882"}],"wp:attachment":[{"href":"https:\/\/esentialaroms.com\/pt-pt\/wp-json\/wp\/v2\/media?parent=20881"}],"wp:term":[{"taxonomy":"product_brand","embeddable":true,"href":"https:\/\/esentialaroms.com\/pt-pt\/wp-json\/wp\/v2\/product_brand?post=20881"},{"taxonomy":"product_cat","embeddable":true,"href":"https:\/\/esentialaroms.com\/pt-pt\/wp-json\/wp\/v2\/product_cat?post=20881"},{"taxonomy":"product_tag","embeddable":true,"href":"https:\/\/esentialaroms.com\/pt-pt\/wp-json\/wp\/v2\/product_tag?post=20881"}],"curies":[{"name":"wp","href":"https:\/\/api.w.org\/{rel}","templated":true}]}}