{"id":20858,"date":"2026-05-13T09:54:50","date_gmt":"2026-05-13T07:54:50","guid":{"rendered":"https:\/\/esentialaroms.com\/productos\/hidrogel-hialuronic-%c2%b71%c2%b7-2\/"},"modified":"2026-05-13T09:54:58","modified_gmt":"2026-05-13T07:54:58","slug":"hidrogel-hialuronic-%c2%b71%c2%b7-2","status":"publish","type":"product","link":"https:\/\/esentialaroms.com\/pt-pt\/productos\/hidrogel-hialuronic-%c2%b71%c2%b7-2\/","title":{"rendered":"HIDROGEL HIALURONIC \u00b71\u00b7"},"content":{"rendered":"","protected":false},"excerpt":{"rendered":"<div>Descubra um gel de cuidado natural, super-hidratante e imediatamente calmante, que pode ser utilizado diretamente nas zonas mais secas e tamb\u00e9m para enriquecer o seu s\u00e9rum ou creme de dia. Contribuir\u00e1 para refor\u00e7ar a fun\u00e7\u00e3o de barreira da pele de uma forma totalmente natural. Cont\u00e9m 1% de \u00e1cido hialur\u00f3nico de origem vegetal e plantas com efeitos suavizantes da aspereza e redutores da descama\u00e7\u00e3o. Os seus efeitos s\u00e3o vis\u00edveis desde a primeira aplica\u00e7\u00e3o. &nbsp;<\/div>\n","protected":false},"featured_media":20859,"comment_status":"open","ping_status":"closed","template":"","meta":{"_acf_changed":false,"rs_blank_template":"","rs_page_bg_color":"","slide_template_v7":""},"product_brand":[],"product_cat":[459,323],"product_tag":[],"class_list":{"0":"post-20858","1":"product","2":"type-product","3":"status-publish","4":"has-post-thumbnail","6":"product_cat-dermoesential","7":"product_cat-familias","9":"first","10":"instock","11":"shipping-taxable","12":"purchasable","13":"product-type-simple"},"acf":[],"_links":{"self":[{"href":"https:\/\/esentialaroms.com\/pt-pt\/wp-json\/wp\/v2\/product\/20858","targetHints":{"allow":["GET"]}}],"collection":[{"href":"https:\/\/esentialaroms.com\/pt-pt\/wp-json\/wp\/v2\/product"}],"about":[{"href":"https:\/\/esentialaroms.com\/pt-pt\/wp-json\/wp\/v2\/types\/product"}],"replies":[{"embeddable":true,"href":"https:\/\/esentialaroms.com\/pt-pt\/wp-json\/wp\/v2\/comments?post=20858"}],"version-history":[{"count":1,"href":"https:\/\/esentialaroms.com\/pt-pt\/wp-json\/wp\/v2\/product\/20858\/revisions"}],"predecessor-version":[{"id":20861,"href":"https:\/\/esentialaroms.com\/pt-pt\/wp-json\/wp\/v2\/product\/20858\/revisions\/20861"}],"wp:featuredmedia":[{"embeddable":true,"href":"https:\/\/esentialaroms.com\/pt-pt\/wp-json\/wp\/v2\/media\/20859"}],"wp:attachment":[{"href":"https:\/\/esentialaroms.com\/pt-pt\/wp-json\/wp\/v2\/media?parent=20858"}],"wp:term":[{"taxonomy":"product_brand","embeddable":true,"href":"https:\/\/esentialaroms.com\/pt-pt\/wp-json\/wp\/v2\/product_brand?post=20858"},{"taxonomy":"product_cat","embeddable":true,"href":"https:\/\/esentialaroms.com\/pt-pt\/wp-json\/wp\/v2\/product_cat?post=20858"},{"taxonomy":"product_tag","embeddable":true,"href":"https:\/\/esentialaroms.com\/pt-pt\/wp-json\/wp\/v2\/product_tag?post=20858"}],"curies":[{"name":"wp","href":"https:\/\/api.w.org\/{rel}","templated":true}]}}