{"id":20813,"date":"2026-05-13T09:54:34","date_gmt":"2026-05-13T07:54:34","guid":{"rendered":"https:\/\/esentialaroms.com\/productos\/extracto-lipidico-de-flor-de-lys-lilium-candidum-100-ml-2\/"},"modified":"2026-05-13T09:54:38","modified_gmt":"2026-05-13T07:54:38","slug":"extracto-lipidico-de-flor-de-lys-lilium-candidum-100-ml-2","status":"publish","type":"product","link":"https:\/\/esentialaroms.com\/pt-pt\/productos\/extracto-lipidico-de-flor-de-lys-lilium-candidum-100-ml-2\/","title":{"rendered":"Extrato lip\u00eddico de FLOR-DE-LIS (Lilium candidum) 100 ml"},"content":{"rendered":"","protected":false},"excerpt":{"rendered":"<div>Macerado de flores de l\u00edrio. \u00c9 utilizado para prevenir manchas cut\u00e2neas e cuidar de peles sens\u00edveis e que ficam vermelhas com facilidade. &nbsp;<\/div>\n","protected":false},"featured_media":20814,"comment_status":"open","ping_status":"closed","template":"","meta":{"_acf_changed":false,"rs_blank_template":"","rs_page_bg_color":"","slide_template_v7":""},"product_brand":[],"product_cat":[525,308,432,356,341],"product_tag":[],"class_list":{"0":"post-20813","1":"product","2":"type-product","3":"status-publish","4":"has-post-thumbnail","6":"product_cat-anti-envelhecimento","7":"product_cat-aromaterapia","8":"product_cat-extratos-lipidicos","9":"product_cat-facial","10":"product_cat-precisa","12":"first","13":"instock","14":"shipping-taxable","15":"purchasable","16":"product-type-simple"},"acf":[],"_links":{"self":[{"href":"https:\/\/esentialaroms.com\/pt-pt\/wp-json\/wp\/v2\/product\/20813","targetHints":{"allow":["GET"]}}],"collection":[{"href":"https:\/\/esentialaroms.com\/pt-pt\/wp-json\/wp\/v2\/product"}],"about":[{"href":"https:\/\/esentialaroms.com\/pt-pt\/wp-json\/wp\/v2\/types\/product"}],"replies":[{"embeddable":true,"href":"https:\/\/esentialaroms.com\/pt-pt\/wp-json\/wp\/v2\/comments?post=20813"}],"version-history":[{"count":1,"href":"https:\/\/esentialaroms.com\/pt-pt\/wp-json\/wp\/v2\/product\/20813\/revisions"}],"predecessor-version":[{"id":20816,"href":"https:\/\/esentialaroms.com\/pt-pt\/wp-json\/wp\/v2\/product\/20813\/revisions\/20816"}],"wp:featuredmedia":[{"embeddable":true,"href":"https:\/\/esentialaroms.com\/pt-pt\/wp-json\/wp\/v2\/media\/20814"}],"wp:attachment":[{"href":"https:\/\/esentialaroms.com\/pt-pt\/wp-json\/wp\/v2\/media?parent=20813"}],"wp:term":[{"taxonomy":"product_brand","embeddable":true,"href":"https:\/\/esentialaroms.com\/pt-pt\/wp-json\/wp\/v2\/product_brand?post=20813"},{"taxonomy":"product_cat","embeddable":true,"href":"https:\/\/esentialaroms.com\/pt-pt\/wp-json\/wp\/v2\/product_cat?post=20813"},{"taxonomy":"product_tag","embeddable":true,"href":"https:\/\/esentialaroms.com\/pt-pt\/wp-json\/wp\/v2\/product_tag?post=20813"}],"curies":[{"name":"wp","href":"https:\/\/api.w.org\/{rel}","templated":true}]}}