{"id":20798,"date":"2026-05-13T09:54:29","date_gmt":"2026-05-13T07:54:29","guid":{"rendered":"https:\/\/esentialaroms.com\/productos\/sleepkey-pillow-spray-2\/"},"modified":"2026-05-13T09:54:33","modified_gmt":"2026-05-13T07:54:33","slug":"sleepkey-pillow-spray-2","status":"publish","type":"product","link":"https:\/\/esentialaroms.com\/pt-pt\/productos\/sleepkey-pillow-spray-2\/","title":{"rendered":"SLEEP&#8217;KEY PILLOW SPRAY"},"content":{"rendered":"<div>Solu\u00e7\u00e3o natural para dormir bem &nbsp;<\/div>\n","protected":false},"excerpt":{"rendered":"<div>Bruma arom\u00e1tica 99% de origem natural. &nbsp;<\/div>\n<div>F\u00f3rmula de aromaterapia elaborada com \u00f3leos essenciais 100% puros e naturais, seguindo os princ\u00edpios da aromaterapia cient\u00edfica. &nbsp;<\/div>\n<div>Produto clinicamente testado, comprovando a sua efic\u00e1cia. &nbsp;<\/div>\n","protected":false},"featured_media":20799,"comment_status":"open","ping_status":"closed","template":"","meta":{"_acf_changed":false,"rs_blank_template":"","rs_page_bg_color":"","slide_template_v7":""},"product_brand":[],"product_cat":[560],"product_tag":[],"class_list":{"0":"post-20798","1":"product","2":"type-product","3":"status-publish","4":"has-post-thumbnail","6":"product_cat-novos-produtos","8":"first","9":"instock","10":"shipping-taxable","11":"purchasable","12":"product-type-simple"},"acf":[],"_links":{"self":[{"href":"https:\/\/esentialaroms.com\/pt-pt\/wp-json\/wp\/v2\/product\/20798","targetHints":{"allow":["GET"]}}],"collection":[{"href":"https:\/\/esentialaroms.com\/pt-pt\/wp-json\/wp\/v2\/product"}],"about":[{"href":"https:\/\/esentialaroms.com\/pt-pt\/wp-json\/wp\/v2\/types\/product"}],"replies":[{"embeddable":true,"href":"https:\/\/esentialaroms.com\/pt-pt\/wp-json\/wp\/v2\/comments?post=20798"}],"version-history":[{"count":1,"href":"https:\/\/esentialaroms.com\/pt-pt\/wp-json\/wp\/v2\/product\/20798\/revisions"}],"predecessor-version":[{"id":20801,"href":"https:\/\/esentialaroms.com\/pt-pt\/wp-json\/wp\/v2\/product\/20798\/revisions\/20801"}],"wp:featuredmedia":[{"embeddable":true,"href":"https:\/\/esentialaroms.com\/pt-pt\/wp-json\/wp\/v2\/media\/20799"}],"wp:attachment":[{"href":"https:\/\/esentialaroms.com\/pt-pt\/wp-json\/wp\/v2\/media?parent=20798"}],"wp:term":[{"taxonomy":"product_brand","embeddable":true,"href":"https:\/\/esentialaroms.com\/pt-pt\/wp-json\/wp\/v2\/product_brand?post=20798"},{"taxonomy":"product_cat","embeddable":true,"href":"https:\/\/esentialaroms.com\/pt-pt\/wp-json\/wp\/v2\/product_cat?post=20798"},{"taxonomy":"product_tag","embeddable":true,"href":"https:\/\/esentialaroms.com\/pt-pt\/wp-json\/wp\/v2\/product_tag?post=20798"}],"curies":[{"name":"wp","href":"https:\/\/api.w.org\/{rel}","templated":true}]}}