{"id":20783,"date":"2026-05-13T09:54:22","date_gmt":"2026-05-13T07:54:22","guid":{"rendered":"https:\/\/esentialaroms.com\/productos\/sleepkey-oil-2\/"},"modified":"2026-05-13T09:54:27","modified_gmt":"2026-05-13T07:54:27","slug":"sleepkey-oil-2","status":"publish","type":"product","link":"https:\/\/esentialaroms.com\/pt-pt\/productos\/sleepkey-oil-2\/","title":{"rendered":"SLEEP&#8217;KEY OIL"},"content":{"rendered":"<div>Solu\u00e7\u00e3o natural para dormir bem &nbsp;<\/div>\n","protected":false},"excerpt":{"rendered":"<div>Ess\u00eancia corporal 100% de origem natural. &nbsp;<\/div>\n<div>F\u00f3rmula de aromaterapia elaborada com \u00f3leos essenciais 100% puros e naturais, seguindo os princ\u00edpios da aromaterapia cient\u00edfica. &nbsp;<\/div>\n<div>Produto clinicamente testado, comprovando a sua efic\u00e1cia. &nbsp;<\/div>\n","protected":false},"featured_media":20784,"comment_status":"open","ping_status":"closed","template":"","meta":{"_acf_changed":false,"rs_blank_template":"","rs_page_bg_color":"","slide_template_v7":""},"product_brand":[],"product_cat":[560],"product_tag":[],"class_list":{"0":"post-20783","1":"product","2":"type-product","3":"status-publish","4":"has-post-thumbnail","6":"product_cat-novos-produtos","8":"first","9":"instock","10":"shipping-taxable","11":"purchasable","12":"product-type-simple"},"acf":[],"_links":{"self":[{"href":"https:\/\/esentialaroms.com\/pt-pt\/wp-json\/wp\/v2\/product\/20783","targetHints":{"allow":["GET"]}}],"collection":[{"href":"https:\/\/esentialaroms.com\/pt-pt\/wp-json\/wp\/v2\/product"}],"about":[{"href":"https:\/\/esentialaroms.com\/pt-pt\/wp-json\/wp\/v2\/types\/product"}],"replies":[{"embeddable":true,"href":"https:\/\/esentialaroms.com\/pt-pt\/wp-json\/wp\/v2\/comments?post=20783"}],"version-history":[{"count":1,"href":"https:\/\/esentialaroms.com\/pt-pt\/wp-json\/wp\/v2\/product\/20783\/revisions"}],"predecessor-version":[{"id":20786,"href":"https:\/\/esentialaroms.com\/pt-pt\/wp-json\/wp\/v2\/product\/20783\/revisions\/20786"}],"wp:featuredmedia":[{"embeddable":true,"href":"https:\/\/esentialaroms.com\/pt-pt\/wp-json\/wp\/v2\/media\/20784"}],"wp:attachment":[{"href":"https:\/\/esentialaroms.com\/pt-pt\/wp-json\/wp\/v2\/media?parent=20783"}],"wp:term":[{"taxonomy":"product_brand","embeddable":true,"href":"https:\/\/esentialaroms.com\/pt-pt\/wp-json\/wp\/v2\/product_brand?post=20783"},{"taxonomy":"product_cat","embeddable":true,"href":"https:\/\/esentialaroms.com\/pt-pt\/wp-json\/wp\/v2\/product_cat?post=20783"},{"taxonomy":"product_tag","embeddable":true,"href":"https:\/\/esentialaroms.com\/pt-pt\/wp-json\/wp\/v2\/product_tag?post=20783"}],"curies":[{"name":"wp","href":"https:\/\/api.w.org\/{rel}","templated":true}]}}