{"id":20722,"date":"2026-05-13T09:53:52","date_gmt":"2026-05-13T07:53:52","guid":{"rendered":"https:\/\/esentialaroms.com\/productos\/esential-emotions-humidificador-de-bolsillo-30-ml-2\/"},"modified":"2026-05-13T09:53:58","modified_gmt":"2026-05-13T07:53:58","slug":"esential-emotions-humidificador-de-bolsillo-30-ml-2","status":"publish","type":"product","link":"https:\/\/esentialaroms.com\/pt-pt\/productos\/esential-emotions-humidificador-de-bolsillo-30-ml-2\/","title":{"rendered":"ESENTIAL EMOTIONS humidificador de bolso 30ml"},"content":{"rendered":"<div>Este humidificador com tecnologia ultrass\u00f3nica difunde os \u00f3leos essenciais de forma natural e pura. Gra\u00e7as ao seu formato pr\u00e1tico, podes us\u00e1-lo em qualquer lugar, tanto em ambientes intemos quanto externos. &nbsp;<\/div>\n<div>Leva-o sempre contigo para despertar as tuas emo\u00e7\u00f5es e criar a atmosfera que precisas! &nbsp;<\/div>\n<div>Al\u00e9m disso, Esential&#8217;ar\u00f4ms tem uma cole\u00e7\u00e3o de sinergias arom\u00e1ticas e uma vasta gama de \u00f3leos essenciais para difundir. &nbsp;<\/div>\n","protected":false},"excerpt":{"rendered":"<div>Leva-o sempre contigo para despertar as tuas emo\u00e7\u00f5es e crear o ambiente que necessites. &nbsp;<\/div>\n","protected":false},"featured_media":20723,"comment_status":"open","ping_status":"closed","template":"","meta":{"_acf_changed":false,"rs_blank_template":"","rs_page_bg_color":"","slide_template_v7":""},"product_brand":[],"product_cat":[308,317],"product_tag":[],"class_list":{"0":"post-20722","1":"product","2":"type-product","3":"status-publish","4":"has-post-thumbnail","6":"product_cat-aromaterapia","7":"product_cat-esential-diffusion-sinergias-aromaticas","9":"first","10":"instock","11":"shipping-taxable","12":"purchasable","13":"product-type-simple"},"acf":[],"_links":{"self":[{"href":"https:\/\/esentialaroms.com\/pt-pt\/wp-json\/wp\/v2\/product\/20722","targetHints":{"allow":["GET"]}}],"collection":[{"href":"https:\/\/esentialaroms.com\/pt-pt\/wp-json\/wp\/v2\/product"}],"about":[{"href":"https:\/\/esentialaroms.com\/pt-pt\/wp-json\/wp\/v2\/types\/product"}],"replies":[{"embeddable":true,"href":"https:\/\/esentialaroms.com\/pt-pt\/wp-json\/wp\/v2\/comments?post=20722"}],"version-history":[{"count":1,"href":"https:\/\/esentialaroms.com\/pt-pt\/wp-json\/wp\/v2\/product\/20722\/revisions"}],"predecessor-version":[{"id":20726,"href":"https:\/\/esentialaroms.com\/pt-pt\/wp-json\/wp\/v2\/product\/20722\/revisions\/20726"}],"wp:featuredmedia":[{"embeddable":true,"href":"https:\/\/esentialaroms.com\/pt-pt\/wp-json\/wp\/v2\/media\/20723"}],"wp:attachment":[{"href":"https:\/\/esentialaroms.com\/pt-pt\/wp-json\/wp\/v2\/media?parent=20722"}],"wp:term":[{"taxonomy":"product_brand","embeddable":true,"href":"https:\/\/esentialaroms.com\/pt-pt\/wp-json\/wp\/v2\/product_brand?post=20722"},{"taxonomy":"product_cat","embeddable":true,"href":"https:\/\/esentialaroms.com\/pt-pt\/wp-json\/wp\/v2\/product_cat?post=20722"},{"taxonomy":"product_tag","embeddable":true,"href":"https:\/\/esentialaroms.com\/pt-pt\/wp-json\/wp\/v2\/product_tag?post=20722"}],"curies":[{"name":"wp","href":"https:\/\/api.w.org\/{rel}","templated":true}]}}