{"id":20678,"date":"2026-05-13T09:53:39","date_gmt":"2026-05-13T07:53:39","guid":{"rendered":"https:\/\/esentialaroms.com\/productos\/my-essential-kit-defensas-2\/"},"modified":"2026-05-13T09:53:43","modified_gmt":"2026-05-13T07:53:43","slug":"my-essential-kit-defensas-2","status":"publish","type":"product","link":"https:\/\/esentialaroms.com\/pt-pt\/productos\/my-essential-kit-defensas-2\/","title":{"rendered":"My Essential Kit DEFENSAS"},"content":{"rendered":"<div>Descubra My Essential Kit DEFESAS, com 5 \u00f3leos essenciais, 6 f\u00f3rmulas de aromaterapia que voc\u00ea far\u00e1 para si mesm@ e 4 aplica\u00e7\u00f5es mais. &nbsp;<\/div>\n<div>Aprenda as propriedades e aplica\u00e7\u00f5es de 5 \u00f3leos essenciais e como fazer muitas f\u00f3rmulas mais. &nbsp;<\/div>\n","protected":false},"excerpt":{"rendered":"<div>Kit para entrar na aromaterapia cient\u00edfica e criar as suas pr\u00f3prias f\u00f3rmulas. Com este kit poder\u00e1 descobrir as propriedades de 5 \u00f3leos essenciais e, gra\u00e7as ao material que cont\u00e9m, poder\u00e1 desenvolver para si mesm@ 6 produtos diferentes, assim como outras 4 aplica\u00e7\u00f5es, que a ajudar\u00e3o a enfrentar o inverno e o proteger\u00e3o das agress\u00f5es externas atrav\u00e9s das propriedades antimicrobianas \u00fanicas do seus \u00f3leos essenciais. &nbsp;<\/div>\n","protected":false},"featured_media":20679,"comment_status":"open","ping_status":"closed","template":"","meta":{"_acf_changed":false,"rs_blank_template":"","rs_page_bg_color":"","slide_template_v7":""},"product_brand":[],"product_cat":[308,438,560],"product_tag":[],"class_list":{"0":"post-20678","1":"product","2":"type-product","3":"status-publish","4":"has-post-thumbnail","6":"product_cat-aromaterapia","7":"product_cat-my-esential-kit","8":"product_cat-novos-produtos","10":"first","11":"instock","12":"shipping-taxable","13":"purchasable","14":"product-type-simple"},"acf":[],"_links":{"self":[{"href":"https:\/\/esentialaroms.com\/pt-pt\/wp-json\/wp\/v2\/product\/20678","targetHints":{"allow":["GET"]}}],"collection":[{"href":"https:\/\/esentialaroms.com\/pt-pt\/wp-json\/wp\/v2\/product"}],"about":[{"href":"https:\/\/esentialaroms.com\/pt-pt\/wp-json\/wp\/v2\/types\/product"}],"replies":[{"embeddable":true,"href":"https:\/\/esentialaroms.com\/pt-pt\/wp-json\/wp\/v2\/comments?post=20678"}],"version-history":[{"count":1,"href":"https:\/\/esentialaroms.com\/pt-pt\/wp-json\/wp\/v2\/product\/20678\/revisions"}],"predecessor-version":[{"id":20681,"href":"https:\/\/esentialaroms.com\/pt-pt\/wp-json\/wp\/v2\/product\/20678\/revisions\/20681"}],"wp:featuredmedia":[{"embeddable":true,"href":"https:\/\/esentialaroms.com\/pt-pt\/wp-json\/wp\/v2\/media\/20679"}],"wp:attachment":[{"href":"https:\/\/esentialaroms.com\/pt-pt\/wp-json\/wp\/v2\/media?parent=20678"}],"wp:term":[{"taxonomy":"product_brand","embeddable":true,"href":"https:\/\/esentialaroms.com\/pt-pt\/wp-json\/wp\/v2\/product_brand?post=20678"},{"taxonomy":"product_cat","embeddable":true,"href":"https:\/\/esentialaroms.com\/pt-pt\/wp-json\/wp\/v2\/product_cat?post=20678"},{"taxonomy":"product_tag","embeddable":true,"href":"https:\/\/esentialaroms.com\/pt-pt\/wp-json\/wp\/v2\/product_tag?post=20678"}],"curies":[{"name":"wp","href":"https:\/\/api.w.org\/{rel}","templated":true}]}}