{"id":20593,"date":"2026-05-13T09:52:48","date_gmt":"2026-05-13T07:52:48","guid":{"rendered":"https:\/\/esentialaroms.com\/productos\/esential-zen-humidificador-250-ml-con-cromoterapia-2\/"},"modified":"2026-05-13T09:52:55","modified_gmt":"2026-05-13T07:52:55","slug":"esential-zen-humidificador-250-ml-con-cromoterapia-2","status":"publish","type":"product","link":"https:\/\/esentialaroms.com\/pt-pt\/productos\/esential-zen-humidificador-250-ml-con-cromoterapia-2\/","title":{"rendered":"ESENTIAL-ZEN humidificador 250ml com cromoterapia"},"content":{"rendered":"<div>ESENTIAL-ZEN\u00ae \u00e9 um difusor e humidificador ultrass\u00f3nico que permite a difus\u00e3o de \u00e1gua e \u00f3leos essenciais instantaneamente. Al\u00e9m disso, emite uma luz ambiente que muda de cor. Com ESENTIAL-ZEN\u00ae voc\u00ea pode criar diferentes espa\u00e7os saud\u00e1veis em sua casa e descobrir, atrav\u00e9s do guia de Feng Shui e aromaterapia, como usar os \u00f3leos essenciais e o kit de 3 sinergias arom\u00e1ticas para harmonizar seu lar e influenciar positivamente as atividades que ocorrem em todos os espa\u00e7os da sua casa. \u201cUm luxo para os sentidos e uma oportunidade para melhorar o seu bem-estar e aquele dos seus em cada ocasi\u00e3o.\u201d &nbsp;<\/div>\n","protected":false},"excerpt":{"rendered":"<div>Difunde \u00e1gua e \u00f3leos essenciais instantaneamente. Al\u00e9m disso, emite uma luz ambiente que muda de cor. &nbsp;<\/div>\n","protected":false},"featured_media":20594,"comment_status":"open","ping_status":"closed","template":"","meta":{"_acf_changed":false,"rs_blank_template":"","rs_page_bg_color":"","slide_template_v7":""},"product_brand":[],"product_cat":[308,317,368,365,341],"product_tag":[],"class_list":{"0":"post-20593","1":"product","2":"type-product","3":"status-publish","4":"has-post-thumbnail","6":"product_cat-aromaterapia","7":"product_cat-esential-diffusion-sinergias-aromaticas","8":"product_cat-massagem-anti-stress-e-anti-fadiga","9":"product_cat-massagens-terapeuticas","10":"product_cat-precisa","12":"first","13":"instock","14":"shipping-taxable","15":"purchasable","16":"product-type-simple"},"acf":[],"_links":{"self":[{"href":"https:\/\/esentialaroms.com\/pt-pt\/wp-json\/wp\/v2\/product\/20593","targetHints":{"allow":["GET"]}}],"collection":[{"href":"https:\/\/esentialaroms.com\/pt-pt\/wp-json\/wp\/v2\/product"}],"about":[{"href":"https:\/\/esentialaroms.com\/pt-pt\/wp-json\/wp\/v2\/types\/product"}],"replies":[{"embeddable":true,"href":"https:\/\/esentialaroms.com\/pt-pt\/wp-json\/wp\/v2\/comments?post=20593"}],"version-history":[{"count":1,"href":"https:\/\/esentialaroms.com\/pt-pt\/wp-json\/wp\/v2\/product\/20593\/revisions"}],"predecessor-version":[{"id":20600,"href":"https:\/\/esentialaroms.com\/pt-pt\/wp-json\/wp\/v2\/product\/20593\/revisions\/20600"}],"wp:featuredmedia":[{"embeddable":true,"href":"https:\/\/esentialaroms.com\/pt-pt\/wp-json\/wp\/v2\/media\/20594"}],"wp:attachment":[{"href":"https:\/\/esentialaroms.com\/pt-pt\/wp-json\/wp\/v2\/media?parent=20593"}],"wp:term":[{"taxonomy":"product_brand","embeddable":true,"href":"https:\/\/esentialaroms.com\/pt-pt\/wp-json\/wp\/v2\/product_brand?post=20593"},{"taxonomy":"product_cat","embeddable":true,"href":"https:\/\/esentialaroms.com\/pt-pt\/wp-json\/wp\/v2\/product_cat?post=20593"},{"taxonomy":"product_tag","embeddable":true,"href":"https:\/\/esentialaroms.com\/pt-pt\/wp-json\/wp\/v2\/product_tag?post=20593"}],"curies":[{"name":"wp","href":"https:\/\/api.w.org\/{rel}","templated":true}]}}