{"id":20560,"date":"2026-05-13T09:52:42","date_gmt":"2026-05-13T07:52:42","guid":{"rendered":"https:\/\/esentialaroms.com\/productos\/balsamo-labial-pro-collagen-2\/"},"modified":"2026-05-13T09:52:46","modified_gmt":"2026-05-13T07:52:46","slug":"balsamo-labial-pro-collagen-2","status":"publish","type":"product","link":"https:\/\/esentialaroms.com\/pt-pt\/productos\/balsamo-labial-pro-collagen-2\/","title":{"rendered":"B\u00c1LSAMO PARA OS L\u00c1BIOS Pro-Collagen"},"content":{"rendered":"","protected":false},"excerpt":{"rendered":"<div>B\u00e1lsamo labial. Enchimento. &nbsp;<\/div>\n","protected":false},"featured_media":20561,"comment_status":"open","ping_status":"closed","template":"","meta":{"_acf_changed":false,"rs_blank_template":"","rs_page_bg_color":"","slide_template_v7":""},"product_brand":[],"product_cat":[525,359,356,323,341,482],"product_tag":[],"class_list":{"0":"post-20560","1":"product","2":"type-product","3":"status-publish","4":"has-post-thumbnail","6":"product_cat-anti-envelhecimento","7":"product_cat-cuidados-com-a-pele","8":"product_cat-facial","9":"product_cat-familias","10":"product_cat-precisa","11":"product_cat-pro-collagen","13":"first","14":"instock","15":"shipping-taxable","16":"purchasable","17":"product-type-simple"},"acf":[],"_links":{"self":[{"href":"https:\/\/esentialaroms.com\/pt-pt\/wp-json\/wp\/v2\/product\/20560","targetHints":{"allow":["GET"]}}],"collection":[{"href":"https:\/\/esentialaroms.com\/pt-pt\/wp-json\/wp\/v2\/product"}],"about":[{"href":"https:\/\/esentialaroms.com\/pt-pt\/wp-json\/wp\/v2\/types\/product"}],"replies":[{"embeddable":true,"href":"https:\/\/esentialaroms.com\/pt-pt\/wp-json\/wp\/v2\/comments?post=20560"}],"version-history":[{"count":1,"href":"https:\/\/esentialaroms.com\/pt-pt\/wp-json\/wp\/v2\/product\/20560\/revisions"}],"predecessor-version":[{"id":20563,"href":"https:\/\/esentialaroms.com\/pt-pt\/wp-json\/wp\/v2\/product\/20560\/revisions\/20563"}],"wp:featuredmedia":[{"embeddable":true,"href":"https:\/\/esentialaroms.com\/pt-pt\/wp-json\/wp\/v2\/media\/20561"}],"wp:attachment":[{"href":"https:\/\/esentialaroms.com\/pt-pt\/wp-json\/wp\/v2\/media?parent=20560"}],"wp:term":[{"taxonomy":"product_brand","embeddable":true,"href":"https:\/\/esentialaroms.com\/pt-pt\/wp-json\/wp\/v2\/product_brand?post=20560"},{"taxonomy":"product_cat","embeddable":true,"href":"https:\/\/esentialaroms.com\/pt-pt\/wp-json\/wp\/v2\/product_cat?post=20560"},{"taxonomy":"product_tag","embeddable":true,"href":"https:\/\/esentialaroms.com\/pt-pt\/wp-json\/wp\/v2\/product_tag?post=20560"}],"curies":[{"name":"wp","href":"https:\/\/api.w.org\/{rel}","templated":true}]}}