{"id":20437,"date":"2026-05-13T09:52:02","date_gmt":"2026-05-13T07:52:02","guid":{"rendered":"https:\/\/esentialaroms.com\/productos\/aceite-de-masaje-pies-confort-1-litro-2\/"},"modified":"2026-05-13T09:52:06","modified_gmt":"2026-05-13T07:52:06","slug":"aceite-de-masaje-pies-confort-1-litro-2","status":"publish","type":"product","link":"https:\/\/esentialaroms.com\/pt-pt\/productos\/aceite-de-masaje-pies-confort-1-litro-2\/","title":{"rendered":"\u00d3leo de massagem P\u00c9S CONFORT 1 litro"},"content":{"rendered":"<div>A massagem aromaterap\u00eautica constitui uma oportunidade de transforma\u00e7\u00e3o pessoal, uma ferramenta \u00fanica para a sa\u00fade do corpo e da mente. Atrav\u00e9s da automassagem P\u00e9s Cansados, vamos tentar eliminar a fadiga e a dor nos p\u00e9s, melhorando a circula\u00e7\u00e3o global do p\u00e9, e tamb\u00e9m estimularemos as zonas reflexas. &nbsp;<\/div>\n","protected":false},"excerpt":{"rendered":"<div>O \u00f3leo de massagem aromaterap\u00eautico P\u00c9S CONFORT cont\u00e9m \u00f3leos essenciais espec\u00edficos que melhoram a circula\u00e7\u00e3o sangu\u00ednea e linf\u00e1tica do p\u00e9, descongestionam, refrescam e desinflamam o p\u00e9, proporcionando uma sensa\u00e7\u00e3o de bem-estar e al\u00edvio imediato da dor nos p\u00e9s. Cont\u00e9m \u00f3leos essenciais de cipreste, hortel\u00e3-pimenta e lavanda. Todos eles est\u00e3o associados a uma sinergia de \u00f3leos vegetais virgens com propriedades espec\u00edficas, como noz de alperce, am\u00eandoas doces e semente de uva. &nbsp;<\/div>\n","protected":false},"featured_media":20438,"comment_status":"open","ping_status":"closed","template":"","meta":{"_acf_changed":false,"rs_blank_template":"","rs_page_bg_color":"","slide_template_v7":""},"product_brand":[],"product_cat":[522,504,323,479,540,365,513,341],"product_tag":[],"class_list":{"0":"post-20437","1":"product","2":"type-product","3":"status-publish","4":"has-post-thumbnail","6":"product_cat-atletas","7":"product_cat-corporalmente","8":"product_cat-familias","9":"product_cat-massage-oil","10":"product_cat-massagem-para-adultos","11":"product_cat-massagens-terapeuticas","12":"product_cat-pernas-e-pes","13":"product_cat-precisa","15":"first","16":"instock","17":"shipping-taxable","18":"purchasable","19":"product-type-simple"},"acf":[],"_links":{"self":[{"href":"https:\/\/esentialaroms.com\/pt-pt\/wp-json\/wp\/v2\/product\/20437","targetHints":{"allow":["GET"]}}],"collection":[{"href":"https:\/\/esentialaroms.com\/pt-pt\/wp-json\/wp\/v2\/product"}],"about":[{"href":"https:\/\/esentialaroms.com\/pt-pt\/wp-json\/wp\/v2\/types\/product"}],"replies":[{"embeddable":true,"href":"https:\/\/esentialaroms.com\/pt-pt\/wp-json\/wp\/v2\/comments?post=20437"}],"version-history":[{"count":1,"href":"https:\/\/esentialaroms.com\/pt-pt\/wp-json\/wp\/v2\/product\/20437\/revisions"}],"predecessor-version":[{"id":20439,"href":"https:\/\/esentialaroms.com\/pt-pt\/wp-json\/wp\/v2\/product\/20437\/revisions\/20439"}],"wp:featuredmedia":[{"embeddable":true,"href":"https:\/\/esentialaroms.com\/pt-pt\/wp-json\/wp\/v2\/media\/20438"}],"wp:attachment":[{"href":"https:\/\/esentialaroms.com\/pt-pt\/wp-json\/wp\/v2\/media?parent=20437"}],"wp:term":[{"taxonomy":"product_brand","embeddable":true,"href":"https:\/\/esentialaroms.com\/pt-pt\/wp-json\/wp\/v2\/product_brand?post=20437"},{"taxonomy":"product_cat","embeddable":true,"href":"https:\/\/esentialaroms.com\/pt-pt\/wp-json\/wp\/v2\/product_cat?post=20437"},{"taxonomy":"product_tag","embeddable":true,"href":"https:\/\/esentialaroms.com\/pt-pt\/wp-json\/wp\/v2\/product_tag?post=20437"}],"curies":[{"name":"wp","href":"https:\/\/api.w.org\/{rel}","templated":true}]}}