{"id":20393,"date":"2026-05-13T09:51:43","date_gmt":"2026-05-13T07:51:43","guid":{"rendered":"https:\/\/esentialaroms.com\/productos\/celulit-control-ventosa-2\/"},"modified":"2026-05-13T09:51:48","modified_gmt":"2026-05-13T07:51:48","slug":"celulit-control-ventosa-2","status":"publish","type":"product","link":"https:\/\/esentialaroms.com\/pt-pt\/productos\/celulit-control-ventosa-2\/","title":{"rendered":"CELULIT control + Ventosa"},"content":{"rendered":"<div>A massagem aromaterap\u00eautica constitui uma oportunidade de transforma\u00e7\u00e3o pessoal, uma ferramenta \u00fanica para a sa\u00fade do corpo e da mente. O \u00d3leo de Massagem Celulit ir\u00e1 ajud\u00e1-la a definir a sua silhueta.<\/div>\n","protected":false},"excerpt":{"rendered":"<div>Ajuda a definir a sua silhueta.<\/div>\n<div>\u00d3leos vegetais de 1.\u00aa press\u00e3o a frio de macad\u00e2mia, s\u00e9samo, girassol, am\u00eandoa e avel\u00e3; extratos lip\u00eddicos ou macerados de Fucus vesiculosus e hera; \u00f3leos essenciais (O.E.B.B.D.*) de palmarosa, abeto siberiano, eucalipto, salva, cipreste, cajeput, cenoura, louro, zimbro, ger\u00e2nio e erva-pr\u00edncipe. *\u00d3leos Essenciais Bot\u00e2nica e Bioquimicamente Definidos.<\/div>\n<div>Os \u00f3leos de massagem arom\u00e1ticos que dispomos t\u00eam uma base vegetal o \u00f3leo veicular de 1.\u00aa press\u00e3o a frio \u201cafrutado\u201d onde se diluiu uma mescla de \u00d3leos Essenciais Bot\u00e2nica e Bioquimicamente Definidos espec\u00edficos para se obter conforto e bem-estar.<\/div>\n","protected":false},"featured_media":20394,"comment_status":"open","ping_status":"closed","template":"","meta":{"_acf_changed":false,"rs_blank_template":"","rs_page_bg_color":"","slide_template_v7":""},"product_brand":[],"product_cat":[446,504,323,341,516],"product_tag":[],"class_list":{"0":"post-20393","1":"product","2":"type-product","3":"status-publish","4":"has-post-thumbnail","6":"product_cat-anticelulitis","7":"product_cat-corporalmente","8":"product_cat-familias","9":"product_cat-precisa","10":"product_cat-silhueta","12":"first","13":"instock","14":"shipping-taxable","15":"purchasable","16":"product-type-simple"},"acf":[],"_links":{"self":[{"href":"https:\/\/esentialaroms.com\/pt-pt\/wp-json\/wp\/v2\/product\/20393","targetHints":{"allow":["GET"]}}],"collection":[{"href":"https:\/\/esentialaroms.com\/pt-pt\/wp-json\/wp\/v2\/product"}],"about":[{"href":"https:\/\/esentialaroms.com\/pt-pt\/wp-json\/wp\/v2\/types\/product"}],"replies":[{"embeddable":true,"href":"https:\/\/esentialaroms.com\/pt-pt\/wp-json\/wp\/v2\/comments?post=20393"}],"version-history":[{"count":1,"href":"https:\/\/esentialaroms.com\/pt-pt\/wp-json\/wp\/v2\/product\/20393\/revisions"}],"predecessor-version":[{"id":20396,"href":"https:\/\/esentialaroms.com\/pt-pt\/wp-json\/wp\/v2\/product\/20393\/revisions\/20396"}],"wp:featuredmedia":[{"embeddable":true,"href":"https:\/\/esentialaroms.com\/pt-pt\/wp-json\/wp\/v2\/media\/20394"}],"wp:attachment":[{"href":"https:\/\/esentialaroms.com\/pt-pt\/wp-json\/wp\/v2\/media?parent=20393"}],"wp:term":[{"taxonomy":"product_brand","embeddable":true,"href":"https:\/\/esentialaroms.com\/pt-pt\/wp-json\/wp\/v2\/product_brand?post=20393"},{"taxonomy":"product_cat","embeddable":true,"href":"https:\/\/esentialaroms.com\/pt-pt\/wp-json\/wp\/v2\/product_cat?post=20393"},{"taxonomy":"product_tag","embeddable":true,"href":"https:\/\/esentialaroms.com\/pt-pt\/wp-json\/wp\/v2\/product_tag?post=20393"}],"curies":[{"name":"wp","href":"https:\/\/api.w.org\/{rel}","templated":true}]}}