{"id":20103,"date":"2026-05-13T09:49:52","date_gmt":"2026-05-13T07:49:52","guid":{"rendered":"https:\/\/esentialaroms.com\/productos\/desodorante-arbol-del-te-2\/"},"modified":"2026-05-13T09:49:55","modified_gmt":"2026-05-13T07:49:55","slug":"desodorante-arbol-del-te-2","status":"publish","type":"product","link":"https:\/\/esentialaroms.com\/pt-pt\/productos\/desodorante-arbol-del-te-2\/","title":{"rendered":"DESODORANTE \u00c1rbore de ch\u00e1"},"content":{"rendered":"","protected":false},"excerpt":{"rendered":"<div>Ajuda a regular a transpira\u00e7\u00e3o gra\u00e7as ao seu efeito probi\u00f3tico, que consegue controlar o odor efetivamente respeitando a transpira\u00e7\u00e3o natural da pele. SEM ALUM\u00cdNIO. &nbsp;<\/div>\n","protected":false},"featured_media":20104,"comment_status":"open","ping_status":"closed","template":"","meta":{"_acf_changed":false,"rs_blank_template":"","rs_page_bg_color":"","slide_template_v7":""},"product_brand":[],"product_cat":[338,522,323,341],"product_tag":[],"class_list":{"0":"post-20103","1":"product","2":"type-product","3":"status-publish","4":"has-post-thumbnail","6":"product_cat-arvore-do-cha","7":"product_cat-atletas","8":"product_cat-familias","9":"product_cat-precisa","11":"first","12":"instock","13":"shipping-taxable","14":"purchasable","15":"product-type-simple"},"acf":[],"_links":{"self":[{"href":"https:\/\/esentialaroms.com\/pt-pt\/wp-json\/wp\/v2\/product\/20103","targetHints":{"allow":["GET"]}}],"collection":[{"href":"https:\/\/esentialaroms.com\/pt-pt\/wp-json\/wp\/v2\/product"}],"about":[{"href":"https:\/\/esentialaroms.com\/pt-pt\/wp-json\/wp\/v2\/types\/product"}],"replies":[{"embeddable":true,"href":"https:\/\/esentialaroms.com\/pt-pt\/wp-json\/wp\/v2\/comments?post=20103"}],"version-history":[{"count":1,"href":"https:\/\/esentialaroms.com\/pt-pt\/wp-json\/wp\/v2\/product\/20103\/revisions"}],"predecessor-version":[{"id":20105,"href":"https:\/\/esentialaroms.com\/pt-pt\/wp-json\/wp\/v2\/product\/20103\/revisions\/20105"}],"wp:featuredmedia":[{"embeddable":true,"href":"https:\/\/esentialaroms.com\/pt-pt\/wp-json\/wp\/v2\/media\/20104"}],"wp:attachment":[{"href":"https:\/\/esentialaroms.com\/pt-pt\/wp-json\/wp\/v2\/media?parent=20103"}],"wp:term":[{"taxonomy":"product_brand","embeddable":true,"href":"https:\/\/esentialaroms.com\/pt-pt\/wp-json\/wp\/v2\/product_brand?post=20103"},{"taxonomy":"product_cat","embeddable":true,"href":"https:\/\/esentialaroms.com\/pt-pt\/wp-json\/wp\/v2\/product_cat?post=20103"},{"taxonomy":"product_tag","embeddable":true,"href":"https:\/\/esentialaroms.com\/pt-pt\/wp-json\/wp\/v2\/product_tag?post=20103"}],"curies":[{"name":"wp","href":"https:\/\/api.w.org\/{rel}","templated":true}]}}