{"id":15816,"date":"2026-05-07T14:24:32","date_gmt":"2026-05-07T12:24:32","guid":{"rendered":"https:\/\/esentialaroms.com\/productos\/esentialaromatic-difusor-de-pared-con-lampara-2\/"},"modified":"2026-05-08T14:07:57","modified_gmt":"2026-05-08T12:07:57","slug":"esentialaromatic-difusor-de-pared-con-lampara-2","status":"publish","type":"product","link":"https:\/\/esentialaroms.com\/pt-pt\/productos\/esentialaromatic-difusor-de-pared-con-lampara-2\/","title":{"rendered":"ESENTIAL&#8217;AROMATIC difusor de parede com l\u00e2mpada"},"content":{"rendered":"<div>Evapora o \u00f3leo essencial para oferecer sua fragr\u00e2ncia de forma natural. Seu aroma perfuma, limpa e equilibra o ambiente. Com luz LED (3 intensidade) e sensor infravermelho de movimento com um alcance de at\u00e9 4,5 m. &nbsp;<\/div>\n<div>PARA AROMATERAPIA CIENT\u00cdFICA &#8211; Esential&#8217;ar\u00f4ms tem uma cole\u00e7\u00e3o de sinergias arom\u00e1ticas e uma grande variedade de \u00f3leos essenciais 100% puros e naturais para difundir. &nbsp;<\/div>\n","protected":false},"excerpt":{"rendered":"<div>Evapora o \u00f3leo essencial para libertar a sua fragr\u00e2ncia de forma natural. &nbsp;<\/div>\n<div>O seu aroma perfuma, limpa e equilibra o ambiente. &nbsp;<\/div>\n<div>Com luz LED (3 n\u00edveis de intensidade) e sensor de movimento por infravermelhos com um alcance de at\u00e9 4,5 m. &nbsp;<\/div>\n","protected":false},"featured_media":15817,"comment_status":"open","ping_status":"closed","template":"","meta":{"_acf_changed":false,"rs_blank_template":"","rs_page_bg_color":"","slide_template_v7":""},"product_brand":[],"product_cat":[308,317],"product_tag":[],"class_list":{"0":"post-15816","1":"product","2":"type-product","3":"status-publish","4":"has-post-thumbnail","6":"product_cat-aromaterapia","7":"product_cat-esential-diffusion-sinergias-aromaticas","9":"first","10":"instock","11":"shipping-taxable","12":"purchasable","13":"product-type-simple"},"acf":[],"_links":{"self":[{"href":"https:\/\/esentialaroms.com\/pt-pt\/wp-json\/wp\/v2\/product\/15816","targetHints":{"allow":["GET"]}}],"collection":[{"href":"https:\/\/esentialaroms.com\/pt-pt\/wp-json\/wp\/v2\/product"}],"about":[{"href":"https:\/\/esentialaroms.com\/pt-pt\/wp-json\/wp\/v2\/types\/product"}],"replies":[{"embeddable":true,"href":"https:\/\/esentialaroms.com\/pt-pt\/wp-json\/wp\/v2\/comments?post=15816"}],"version-history":[{"count":1,"href":"https:\/\/esentialaroms.com\/pt-pt\/wp-json\/wp\/v2\/product\/15816\/revisions"}],"predecessor-version":[{"id":15822,"href":"https:\/\/esentialaroms.com\/pt-pt\/wp-json\/wp\/v2\/product\/15816\/revisions\/15822"}],"wp:featuredmedia":[{"embeddable":true,"href":"https:\/\/esentialaroms.com\/pt-pt\/wp-json\/wp\/v2\/media\/15817"}],"wp:attachment":[{"href":"https:\/\/esentialaroms.com\/pt-pt\/wp-json\/wp\/v2\/media?parent=15816"}],"wp:term":[{"taxonomy":"product_brand","embeddable":true,"href":"https:\/\/esentialaroms.com\/pt-pt\/wp-json\/wp\/v2\/product_brand?post=15816"},{"taxonomy":"product_cat","embeddable":true,"href":"https:\/\/esentialaroms.com\/pt-pt\/wp-json\/wp\/v2\/product_cat?post=15816"},{"taxonomy":"product_tag","embeddable":true,"href":"https:\/\/esentialaroms.com\/pt-pt\/wp-json\/wp\/v2\/product_tag?post=15816"}],"curies":[{"name":"wp","href":"https:\/\/api.w.org\/{rel}","templated":true}]}}