{"id":15775,"date":"2026-05-07T14:24:28","date_gmt":"2026-05-07T12:24:28","guid":{"rendered":"https:\/\/esentialaroms.com\/productos\/esentialmist-humidificador-80ml-con-cromoterapia-2\/"},"modified":"2026-05-07T14:24:31","modified_gmt":"2026-05-07T12:24:31","slug":"esentialmist-humidificador-80ml-con-cromoterapia-2","status":"publish","type":"product","link":"https:\/\/esentialaroms.com\/pt-pt\/productos\/esentialmist-humidificador-80ml-con-cromoterapia-2\/","title":{"rendered":"ESENTIAL&#8217;MIST humidificador 80ml com cromoterapia"},"content":{"rendered":"<div>Difusor- humidificador de aromaterapia com cromoterapia. Utiliza ondas ultrass\u00f3nicas para vaporizar  e \u00e1gua e o \u00f3leo essencial da tua elei\u00e7\u00e3o. O seu vapor fresco e perfumado limpa e equilibra o ambiente e proporciona um \u00f3ptimo n\u00edvel de humidade. Com luz LED mut\u00e1vel (diferentes cores). &nbsp;<\/div>\n<div>A Esential&#8217;ar\u00f4ms disp\u00f5e de uma cole\u00e7\u00e3o de sinergias arom\u00e1ticas e de uma ampla gama de \u00f3leos essenciais para difus\u00e3o. &nbsp;<\/div>\n","protected":false},"excerpt":{"rendered":"<div>Utiliza ondas ultras\u00f3nicas para vaporizar \u00e1gua e \u00f3leos essenciais. O seu vapor fresco e perfumado limpa e equilibra o ambiente e proporciona um n\u00edvel de humidade \u00f3timo. &nbsp;<\/div>\n","protected":false},"featured_media":15776,"comment_status":"open","ping_status":"closed","template":"","meta":{"_acf_changed":false,"rs_blank_template":"","rs_page_bg_color":"","slide_template_v7":""},"product_brand":[],"product_cat":[308,317],"product_tag":[],"class_list":{"0":"post-15775","1":"product","2":"type-product","3":"status-publish","4":"has-post-thumbnail","6":"product_cat-aromaterapia","7":"product_cat-esential-diffusion-sinergias-aromaticas","9":"first","10":"instock","11":"shipping-taxable","12":"purchasable","13":"product-type-simple"},"acf":[],"_links":{"self":[{"href":"https:\/\/esentialaroms.com\/pt-pt\/wp-json\/wp\/v2\/product\/15775","targetHints":{"allow":["GET"]}}],"collection":[{"href":"https:\/\/esentialaroms.com\/pt-pt\/wp-json\/wp\/v2\/product"}],"about":[{"href":"https:\/\/esentialaroms.com\/pt-pt\/wp-json\/wp\/v2\/types\/product"}],"replies":[{"embeddable":true,"href":"https:\/\/esentialaroms.com\/pt-pt\/wp-json\/wp\/v2\/comments?post=15775"}],"version-history":[{"count":1,"href":"https:\/\/esentialaroms.com\/pt-pt\/wp-json\/wp\/v2\/product\/15775\/revisions"}],"predecessor-version":[{"id":15779,"href":"https:\/\/esentialaroms.com\/pt-pt\/wp-json\/wp\/v2\/product\/15775\/revisions\/15779"}],"wp:featuredmedia":[{"embeddable":true,"href":"https:\/\/esentialaroms.com\/pt-pt\/wp-json\/wp\/v2\/media\/15776"}],"wp:attachment":[{"href":"https:\/\/esentialaroms.com\/pt-pt\/wp-json\/wp\/v2\/media?parent=15775"}],"wp:term":[{"taxonomy":"product_brand","embeddable":true,"href":"https:\/\/esentialaroms.com\/pt-pt\/wp-json\/wp\/v2\/product_brand?post=15775"},{"taxonomy":"product_cat","embeddable":true,"href":"https:\/\/esentialaroms.com\/pt-pt\/wp-json\/wp\/v2\/product_cat?post=15775"},{"taxonomy":"product_tag","embeddable":true,"href":"https:\/\/esentialaroms.com\/pt-pt\/wp-json\/wp\/v2\/product_tag?post=15775"}],"curies":[{"name":"wp","href":"https:\/\/api.w.org\/{rel}","templated":true}]}}