{"id":15695,"date":"2026-05-07T14:24:07","date_gmt":"2026-05-07T12:24:07","guid":{"rendered":"https:\/\/esentialaroms.com\/productos\/esential-pic-spray-2\/"},"modified":"2026-05-07T14:24:11","modified_gmt":"2026-05-07T12:24:11","slug":"esential-pic-spray-2","status":"publish","type":"product","link":"https:\/\/esentialaroms.com\/pt-pt\/productos\/esential-pic-spray-2\/","title":{"rendered":"ESENTIAL PIC Spray"},"content":{"rendered":"","protected":false},"excerpt":{"rendered":"<div>Sinergia de \u00f3leos essenciais e bio\u00e1lcool (de fermenta\u00e7\u00e3o natural) ideal para pulverizar na pele e na roupa. &nbsp;<\/div>\n<div>Efeito calmante e refrescante. &nbsp;<\/div>\n","protected":false},"featured_media":15696,"comment_status":"open","ping_status":"closed","template":"","meta":{"_acf_changed":false,"rs_blank_template":"","rs_page_bg_color":"","slide_template_v7":""},"product_brand":[],"product_cat":[450,323,549,341,546],"product_tag":[],"class_list":{"0":"post-15695","1":"product","2":"type-product","3":"status-publish","4":"has-post-thumbnail","6":"product_cat-anti-mosquito","7":"product_cat-familias","8":"product_cat-mosquitos","9":"product_cat-precisa","10":"product_cat-repelentes-naturais","12":"first","13":"instock","14":"shipping-taxable","15":"purchasable","16":"product-type-simple"},"acf":[],"_links":{"self":[{"href":"https:\/\/esentialaroms.com\/pt-pt\/wp-json\/wp\/v2\/product\/15695","targetHints":{"allow":["GET"]}}],"collection":[{"href":"https:\/\/esentialaroms.com\/pt-pt\/wp-json\/wp\/v2\/product"}],"about":[{"href":"https:\/\/esentialaroms.com\/pt-pt\/wp-json\/wp\/v2\/types\/product"}],"replies":[{"embeddable":true,"href":"https:\/\/esentialaroms.com\/pt-pt\/wp-json\/wp\/v2\/comments?post=15695"}],"version-history":[{"count":1,"href":"https:\/\/esentialaroms.com\/pt-pt\/wp-json\/wp\/v2\/product\/15695\/revisions"}],"predecessor-version":[{"id":15698,"href":"https:\/\/esentialaroms.com\/pt-pt\/wp-json\/wp\/v2\/product\/15695\/revisions\/15698"}],"wp:featuredmedia":[{"embeddable":true,"href":"https:\/\/esentialaroms.com\/pt-pt\/wp-json\/wp\/v2\/media\/15696"}],"wp:attachment":[{"href":"https:\/\/esentialaroms.com\/pt-pt\/wp-json\/wp\/v2\/media?parent=15695"}],"wp:term":[{"taxonomy":"product_brand","embeddable":true,"href":"https:\/\/esentialaroms.com\/pt-pt\/wp-json\/wp\/v2\/product_brand?post=15695"},{"taxonomy":"product_cat","embeddable":true,"href":"https:\/\/esentialaroms.com\/pt-pt\/wp-json\/wp\/v2\/product_cat?post=15695"},{"taxonomy":"product_tag","embeddable":true,"href":"https:\/\/esentialaroms.com\/pt-pt\/wp-json\/wp\/v2\/product_tag?post=15695"}],"curies":[{"name":"wp","href":"https:\/\/api.w.org\/{rel}","templated":true}]}}