{"id":15654,"date":"2026-05-07T14:23:55","date_gmt":"2026-05-07T12:23:55","guid":{"rendered":"https:\/\/esentialaroms.com\/productos\/mascarilla-exfoliante-arbol-del-te-2\/"},"modified":"2026-05-07T14:23:57","modified_gmt":"2026-05-07T12:23:57","slug":"mascarilla-exfoliante-arbol-del-te-2","status":"publish","type":"product","link":"https:\/\/esentialaroms.com\/pt-pt\/productos\/mascarilla-exfoliante-arbol-del-te-2\/","title":{"rendered":"M\u00c1SCARA ESOLIANTE \u00c1rbore de Ch\u00e1"},"content":{"rendered":"","protected":false},"excerpt":{"rendered":"<div>M\u00e1scara facial esfoliante que purifica, hidrata e regenera a pele. &nbsp;<\/div>\n","protected":false},"featured_media":15655,"comment_status":"open","ping_status":"closed","template":"","meta":{"_acf_changed":false,"rs_blank_template":"","rs_page_bg_color":"","slide_template_v7":""},"product_brand":[],"product_cat":[338,359,356,323,341,362],"product_tag":[],"class_list":{"0":"post-15654","1":"product","2":"type-product","3":"status-publish","4":"has-post-thumbnail","6":"product_cat-arvore-do-cha","7":"product_cat-cuidados-com-a-pele","8":"product_cat-facial","9":"product_cat-familias","10":"product_cat-precisa","11":"product_cat-tipo-de-pele","13":"first","14":"instock","15":"shipping-taxable","16":"purchasable","17":"product-type-simple"},"acf":[],"_links":{"self":[{"href":"https:\/\/esentialaroms.com\/pt-pt\/wp-json\/wp\/v2\/product\/15654","targetHints":{"allow":["GET"]}}],"collection":[{"href":"https:\/\/esentialaroms.com\/pt-pt\/wp-json\/wp\/v2\/product"}],"about":[{"href":"https:\/\/esentialaroms.com\/pt-pt\/wp-json\/wp\/v2\/types\/product"}],"replies":[{"embeddable":true,"href":"https:\/\/esentialaroms.com\/pt-pt\/wp-json\/wp\/v2\/comments?post=15654"}],"version-history":[{"count":1,"href":"https:\/\/esentialaroms.com\/pt-pt\/wp-json\/wp\/v2\/product\/15654\/revisions"}],"predecessor-version":[{"id":15657,"href":"https:\/\/esentialaroms.com\/pt-pt\/wp-json\/wp\/v2\/product\/15654\/revisions\/15657"}],"wp:featuredmedia":[{"embeddable":true,"href":"https:\/\/esentialaroms.com\/pt-pt\/wp-json\/wp\/v2\/media\/15655"}],"wp:attachment":[{"href":"https:\/\/esentialaroms.com\/pt-pt\/wp-json\/wp\/v2\/media?parent=15654"}],"wp:term":[{"taxonomy":"product_brand","embeddable":true,"href":"https:\/\/esentialaroms.com\/pt-pt\/wp-json\/wp\/v2\/product_brand?post=15654"},{"taxonomy":"product_cat","embeddable":true,"href":"https:\/\/esentialaroms.com\/pt-pt\/wp-json\/wp\/v2\/product_cat?post=15654"},{"taxonomy":"product_tag","embeddable":true,"href":"https:\/\/esentialaroms.com\/pt-pt\/wp-json\/wp\/v2\/product_tag?post=15654"}],"curies":[{"name":"wp","href":"https:\/\/api.w.org\/{rel}","templated":true}]}}