{"id":15639,"date":"2026-05-07T14:23:51","date_gmt":"2026-05-07T12:23:51","guid":{"rendered":"https:\/\/esentialaroms.com\/productos\/crema-de-dia-antiedad-pro-collagen-2\/"},"modified":"2026-05-07T14:23:54","modified_gmt":"2026-05-07T12:23:54","slug":"crema-de-dia-antiedad-pro-collagen-2","status":"publish","type":"product","link":"https:\/\/esentialaroms.com\/pt-pt\/productos\/crema-de-dia-antiedad-pro-collagen-2\/","title":{"rendered":"CREME DE DIA ANTI-ENVELHECIMENTO Pro-Collagen"},"content":{"rendered":"<div>\u00c1cido hialur\u00f3nico natural. Cuidado anti-manchas. 12 horas de hidrata\u00e7\u00e3o. &nbsp;<\/div>\n","protected":false},"excerpt":{"rendered":"<div>Reestrutura, recompacta e previne os sinais de envelhecimento. Al\u00e9m disso, proporciona um escudo antipolui\u00e7\u00e3o e um efeito semelhante ao do silicone gra\u00e7as ao seu conte\u00fado em alternativas naturais aos silicones. Creme de \u00faltima gera\u00e7\u00e3o formulado com um emulsionante de origem natural extra\u00eddo da azeitona, um complexo de \u00e1cidos gordos com uma composi\u00e7\u00e3o semelhante \u00e0 composi\u00e7\u00e3o lip\u00eddica da pele que melhora a integridade da barreira. &nbsp;<\/div>\n","protected":false},"featured_media":15640,"comment_status":"open","ping_status":"closed","template":"","meta":{"_acf_changed":false,"rs_blank_template":"","rs_page_bg_color":"","slide_template_v7":""},"product_brand":[],"product_cat":[525,359,356,323,560,341,482],"product_tag":[],"class_list":{"0":"post-15639","1":"product","2":"type-product","3":"status-publish","4":"has-post-thumbnail","6":"product_cat-anti-envelhecimento","7":"product_cat-cuidados-com-a-pele","8":"product_cat-facial","9":"product_cat-familias","10":"product_cat-novos-produtos","11":"product_cat-precisa","12":"product_cat-pro-collagen","14":"first","15":"instock","16":"shipping-taxable","17":"purchasable","18":"product-type-simple"},"acf":[],"_links":{"self":[{"href":"https:\/\/esentialaroms.com\/pt-pt\/wp-json\/wp\/v2\/product\/15639","targetHints":{"allow":["GET"]}}],"collection":[{"href":"https:\/\/esentialaroms.com\/pt-pt\/wp-json\/wp\/v2\/product"}],"about":[{"href":"https:\/\/esentialaroms.com\/pt-pt\/wp-json\/wp\/v2\/types\/product"}],"replies":[{"embeddable":true,"href":"https:\/\/esentialaroms.com\/pt-pt\/wp-json\/wp\/v2\/comments?post=15639"}],"version-history":[{"count":1,"href":"https:\/\/esentialaroms.com\/pt-pt\/wp-json\/wp\/v2\/product\/15639\/revisions"}],"predecessor-version":[{"id":15642,"href":"https:\/\/esentialaroms.com\/pt-pt\/wp-json\/wp\/v2\/product\/15639\/revisions\/15642"}],"wp:featuredmedia":[{"embeddable":true,"href":"https:\/\/esentialaroms.com\/pt-pt\/wp-json\/wp\/v2\/media\/15640"}],"wp:attachment":[{"href":"https:\/\/esentialaroms.com\/pt-pt\/wp-json\/wp\/v2\/media?parent=15639"}],"wp:term":[{"taxonomy":"product_brand","embeddable":true,"href":"https:\/\/esentialaroms.com\/pt-pt\/wp-json\/wp\/v2\/product_brand?post=15639"},{"taxonomy":"product_cat","embeddable":true,"href":"https:\/\/esentialaroms.com\/pt-pt\/wp-json\/wp\/v2\/product_cat?post=15639"},{"taxonomy":"product_tag","embeddable":true,"href":"https:\/\/esentialaroms.com\/pt-pt\/wp-json\/wp\/v2\/product_tag?post=15639"}],"curies":[{"name":"wp","href":"https:\/\/api.w.org\/{rel}","templated":true}]}}