{"id":15614,"date":"2026-05-07T14:23:47","date_gmt":"2026-05-07T12:23:47","guid":{"rendered":"https:\/\/esentialaroms.com\/productos\/mascarilla-facial-pro-collagen-2\/"},"modified":"2026-05-07T14:23:49","modified_gmt":"2026-05-07T12:23:49","slug":"mascarilla-facial-pro-collagen-2","status":"publish","type":"product","link":"https:\/\/esentialaroms.com\/pt-pt\/productos\/mascarilla-facial-pro-collagen-2\/","title":{"rendered":"M\u00c1SCARA FACIAL Pro-Collagen"},"content":{"rendered":"","protected":false},"excerpt":{"rendered":"<div>A m\u00e1scara Pro-collagen levanta, refirma e ilumina instantaneamente a pele. Estimula a produ\u00e7\u00e3o de colag\u00e9nio, energiza, reaviva e nutre a pele. Cont\u00e9m antioxidantes preciosos que refinam a tez para uma apar\u00eancia mais fresca e luminosa. A m\u00e1scara \u00e9 enriquecida com \u00e1cido hialur\u00f3nico obtido biotecnologicamente. &nbsp;<\/div>\n","protected":false},"featured_media":15615,"comment_status":"open","ping_status":"closed","template":"","meta":{"_acf_changed":false,"rs_blank_template":"","rs_page_bg_color":"","slide_template_v7":""},"product_brand":[],"product_cat":[525,359,356,323,341,482],"product_tag":[],"class_list":{"0":"post-15614","1":"product","2":"type-product","3":"status-publish","4":"has-post-thumbnail","6":"product_cat-anti-envelhecimento","7":"product_cat-cuidados-com-a-pele","8":"product_cat-facial","9":"product_cat-familias","10":"product_cat-precisa","11":"product_cat-pro-collagen","13":"first","14":"instock","15":"shipping-taxable","16":"purchasable","17":"product-type-simple"},"acf":[],"_links":{"self":[{"href":"https:\/\/esentialaroms.com\/pt-pt\/wp-json\/wp\/v2\/product\/15614","targetHints":{"allow":["GET"]}}],"collection":[{"href":"https:\/\/esentialaroms.com\/pt-pt\/wp-json\/wp\/v2\/product"}],"about":[{"href":"https:\/\/esentialaroms.com\/pt-pt\/wp-json\/wp\/v2\/types\/product"}],"replies":[{"embeddable":true,"href":"https:\/\/esentialaroms.com\/pt-pt\/wp-json\/wp\/v2\/comments?post=15614"}],"version-history":[{"count":1,"href":"https:\/\/esentialaroms.com\/pt-pt\/wp-json\/wp\/v2\/product\/15614\/revisions"}],"predecessor-version":[{"id":15616,"href":"https:\/\/esentialaroms.com\/pt-pt\/wp-json\/wp\/v2\/product\/15614\/revisions\/15616"}],"wp:featuredmedia":[{"embeddable":true,"href":"https:\/\/esentialaroms.com\/pt-pt\/wp-json\/wp\/v2\/media\/15615"}],"wp:attachment":[{"href":"https:\/\/esentialaroms.com\/pt-pt\/wp-json\/wp\/v2\/media?parent=15614"}],"wp:term":[{"taxonomy":"product_brand","embeddable":true,"href":"https:\/\/esentialaroms.com\/pt-pt\/wp-json\/wp\/v2\/product_brand?post=15614"},{"taxonomy":"product_cat","embeddable":true,"href":"https:\/\/esentialaroms.com\/pt-pt\/wp-json\/wp\/v2\/product_cat?post=15614"},{"taxonomy":"product_tag","embeddable":true,"href":"https:\/\/esentialaroms.com\/pt-pt\/wp-json\/wp\/v2\/product_tag?post=15614"}],"curies":[{"name":"wp","href":"https:\/\/api.w.org\/{rel}","templated":true}]}}