{"id":15585,"date":"2026-05-07T14:23:40","date_gmt":"2026-05-07T12:23:40","guid":{"rendered":"https:\/\/esentialaroms.com\/productos\/kit-aromaterapia-cientifica-2\/"},"modified":"2026-05-07T14:23:43","modified_gmt":"2026-05-07T12:23:43","slug":"kit-aromaterapia-cientifica-2","status":"publish","type":"product","link":"https:\/\/esentialaroms.com\/pt-pt\/productos\/kit-aromaterapia-cientifica-2\/","title":{"rendered":"KIT AROMATERAPIA CIENTIFICA"},"content":{"rendered":"","protected":false},"excerpt":{"rendered":"<div>Esta caixa** foi desenhada para conter de forma organizada 37 \u00f3leos essenciais O.E.B.B.D.*, al\u00e9m disso, cont\u00e9m como oferta 2 tigela para misturas, 2 pipetas de pasteur, um guia simples para uma correta utiliza\u00e7\u00e3o dos \u00f3leos essenciais e uma embalagem de comprimidos neutros para a administra\u00e7\u00e3o oral dos \u00f3leos essenciais adequados a essa utiliza\u00e7\u00e3o. Crie a sua pr\u00f3pria caixa de primeiros socorros familiar de aromaterapia e elabore as f\u00f3rmulas necess\u00e1rias para o seu bem-estar natural. &nbsp;<\/div>\n<div>*\u00d3leo Essencial Botanicamente e Bioquimicamente Definido. &nbsp;<\/div>\n<div>**A caixa n\u00e3o inclui os 37 \u00f3leos essenciais. Inicialmente \u00e9 vendida vazia para poder ir adquirindo os \u00f3leos de acordo com as suas necessidades. &nbsp;<\/div>\n","protected":false},"featured_media":15586,"comment_status":"open","ping_status":"closed","template":"","meta":{"_acf_changed":false,"rs_blank_template":"","rs_page_bg_color":"","slide_template_v7":""},"product_brand":[],"product_cat":[308,423],"product_tag":[],"class_list":{"0":"post-15585","1":"product","2":"type-product","3":"status-publish","4":"has-post-thumbnail","6":"product_cat-aromaterapia","7":"product_cat-aromaterapia-cientifica","9":"first","10":"instock","11":"shipping-taxable","12":"purchasable","13":"product-type-simple"},"acf":[],"_links":{"self":[{"href":"https:\/\/esentialaroms.com\/pt-pt\/wp-json\/wp\/v2\/product\/15585","targetHints":{"allow":["GET"]}}],"collection":[{"href":"https:\/\/esentialaroms.com\/pt-pt\/wp-json\/wp\/v2\/product"}],"about":[{"href":"https:\/\/esentialaroms.com\/pt-pt\/wp-json\/wp\/v2\/types\/product"}],"replies":[{"embeddable":true,"href":"https:\/\/esentialaroms.com\/pt-pt\/wp-json\/wp\/v2\/comments?post=15585"}],"version-history":[{"count":1,"href":"https:\/\/esentialaroms.com\/pt-pt\/wp-json\/wp\/v2\/product\/15585\/revisions"}],"predecessor-version":[{"id":15588,"href":"https:\/\/esentialaroms.com\/pt-pt\/wp-json\/wp\/v2\/product\/15585\/revisions\/15588"}],"wp:featuredmedia":[{"embeddable":true,"href":"https:\/\/esentialaroms.com\/pt-pt\/wp-json\/wp\/v2\/media\/15586"}],"wp:attachment":[{"href":"https:\/\/esentialaroms.com\/pt-pt\/wp-json\/wp\/v2\/media?parent=15585"}],"wp:term":[{"taxonomy":"product_brand","embeddable":true,"href":"https:\/\/esentialaroms.com\/pt-pt\/wp-json\/wp\/v2\/product_brand?post=15585"},{"taxonomy":"product_cat","embeddable":true,"href":"https:\/\/esentialaroms.com\/pt-pt\/wp-json\/wp\/v2\/product_cat?post=15585"},{"taxonomy":"product_tag","embeddable":true,"href":"https:\/\/esentialaroms.com\/pt-pt\/wp-json\/wp\/v2\/product_tag?post=15585"}],"curies":[{"name":"wp","href":"https:\/\/api.w.org\/{rel}","templated":true}]}}