{"id":15568,"date":"2026-05-07T14:23:37","date_gmt":"2026-05-07T12:23:37","guid":{"rendered":"https:\/\/esentialaroms.com\/productos\/phytorespir-inhalador-30-ml-2\/"},"modified":"2026-05-07T14:23:40","modified_gmt":"2026-05-07T12:23:40","slug":"phytorespir-inhalador-30-ml-2","status":"publish","type":"product","link":"https:\/\/esentialaroms.com\/pt-pt\/productos\/phytorespir-inhalador-30-ml-2\/","title":{"rendered":"PHYTORESPIR inalador 30 ml"},"content":{"rendered":"<div>Inala\u00e7\u00e3o, vapores, difus\u00e3o &nbsp;<\/div>\n","protected":false},"excerpt":{"rendered":"<div>100% \u00d3leos Essenciais Bot\u00e2nicos e Bioquimicamente Definidos &nbsp;<\/div>\n<div>Para toda a fam\u00edlia (a partir de 1 ano) &nbsp;<\/div>\n","protected":false},"featured_media":15569,"comment_status":"open","ping_status":"closed","template":"","meta":{"_acf_changed":false,"rs_blank_template":"","rs_page_bg_color":"","slide_template_v7":""},"product_brand":[],"product_cat":[308,557,368,365,443,341],"product_tag":[],"class_list":{"0":"post-15568","1":"product","2":"type-product","3":"status-publish","4":"has-post-thumbnail","6":"product_cat-aromaterapia","7":"product_cat-best-sellers","8":"product_cat-massagem-anti-stress-e-anti-fadiga","9":"product_cat-massagens-terapeuticas","10":"product_cat-phytorespir","11":"product_cat-precisa","13":"first","14":"instock","15":"shipping-taxable","16":"purchasable","17":"product-type-simple"},"acf":[],"_links":{"self":[{"href":"https:\/\/esentialaroms.com\/pt-pt\/wp-json\/wp\/v2\/product\/15568","targetHints":{"allow":["GET"]}}],"collection":[{"href":"https:\/\/esentialaroms.com\/pt-pt\/wp-json\/wp\/v2\/product"}],"about":[{"href":"https:\/\/esentialaroms.com\/pt-pt\/wp-json\/wp\/v2\/types\/product"}],"replies":[{"embeddable":true,"href":"https:\/\/esentialaroms.com\/pt-pt\/wp-json\/wp\/v2\/comments?post=15568"}],"version-history":[{"count":1,"href":"https:\/\/esentialaroms.com\/pt-pt\/wp-json\/wp\/v2\/product\/15568\/revisions"}],"predecessor-version":[{"id":15571,"href":"https:\/\/esentialaroms.com\/pt-pt\/wp-json\/wp\/v2\/product\/15568\/revisions\/15571"}],"wp:featuredmedia":[{"embeddable":true,"href":"https:\/\/esentialaroms.com\/pt-pt\/wp-json\/wp\/v2\/media\/15569"}],"wp:attachment":[{"href":"https:\/\/esentialaroms.com\/pt-pt\/wp-json\/wp\/v2\/media?parent=15568"}],"wp:term":[{"taxonomy":"product_brand","embeddable":true,"href":"https:\/\/esentialaroms.com\/pt-pt\/wp-json\/wp\/v2\/product_brand?post=15568"},{"taxonomy":"product_cat","embeddable":true,"href":"https:\/\/esentialaroms.com\/pt-pt\/wp-json\/wp\/v2\/product_cat?post=15568"},{"taxonomy":"product_tag","embeddable":true,"href":"https:\/\/esentialaroms.com\/pt-pt\/wp-json\/wp\/v2\/product_tag?post=15568"}],"curies":[{"name":"wp","href":"https:\/\/api.w.org\/{rel}","templated":true}]}}