{"id":15539,"date":"2026-05-07T14:16:42","date_gmt":"2026-05-07T12:16:42","guid":{"rendered":"https:\/\/esentialaroms.com\/productos\/scalp-massager-2\/"},"modified":"2026-05-07T14:23:35","modified_gmt":"2026-05-07T12:23:35","slug":"scalp-massager-2","status":"publish","type":"product","link":"https:\/\/esentialaroms.com\/pt-pt\/productos\/scalp-massager-2\/","title":{"rendered":"SCALP MASSAGER"},"content":{"rendered":"","protected":false},"excerpt":{"rendered":"<div>Massageador capilar de silicone flex\u00edvel que estimula a microcircula\u00e7\u00e3o e exerce um efeito esfoliante. Ajuda a desobstruir o fol\u00edculo piloso, favorecendo um crescimento mais forte e saud\u00e1vel, deixando o couro cabeludo equilibrado e revitalizado. Limpa em profundidade, remove impurezas e o excesso de oleosidade e potencia a efic\u00e1cia do champ\u00f4. Adequado para todos os tipos de cabelo.<\/div>\n","protected":false},"featured_media":15541,"comment_status":"open","ping_status":"closed","template":"","meta":{"_acf_changed":false,"rs_blank_template":"","rs_page_bg_color":"","slide_template_v7":""},"product_brand":[],"product_cat":[459,323],"product_tag":[],"class_list":{"0":"post-15539","1":"product","2":"type-product","3":"status-publish","4":"has-post-thumbnail","6":"product_cat-dermoesential","7":"product_cat-familias","9":"first","10":"instock","11":"shipping-taxable","12":"purchasable","13":"product-type-simple"},"acf":[],"_links":{"self":[{"href":"https:\/\/esentialaroms.com\/pt-pt\/wp-json\/wp\/v2\/product\/15539","targetHints":{"allow":["GET"]}}],"collection":[{"href":"https:\/\/esentialaroms.com\/pt-pt\/wp-json\/wp\/v2\/product"}],"about":[{"href":"https:\/\/esentialaroms.com\/pt-pt\/wp-json\/wp\/v2\/types\/product"}],"replies":[{"embeddable":true,"href":"https:\/\/esentialaroms.com\/pt-pt\/wp-json\/wp\/v2\/comments?post=15539"}],"version-history":[{"count":1,"href":"https:\/\/esentialaroms.com\/pt-pt\/wp-json\/wp\/v2\/product\/15539\/revisions"}],"predecessor-version":[{"id":15542,"href":"https:\/\/esentialaroms.com\/pt-pt\/wp-json\/wp\/v2\/product\/15539\/revisions\/15542"}],"wp:featuredmedia":[{"embeddable":true,"href":"https:\/\/esentialaroms.com\/pt-pt\/wp-json\/wp\/v2\/media\/15541"}],"wp:attachment":[{"href":"https:\/\/esentialaroms.com\/pt-pt\/wp-json\/wp\/v2\/media?parent=15539"}],"wp:term":[{"taxonomy":"product_brand","embeddable":true,"href":"https:\/\/esentialaroms.com\/pt-pt\/wp-json\/wp\/v2\/product_brand?post=15539"},{"taxonomy":"product_cat","embeddable":true,"href":"https:\/\/esentialaroms.com\/pt-pt\/wp-json\/wp\/v2\/product_cat?post=15539"},{"taxonomy":"product_tag","embeddable":true,"href":"https:\/\/esentialaroms.com\/pt-pt\/wp-json\/wp\/v2\/product_tag?post=15539"}],"curies":[{"name":"wp","href":"https:\/\/api.w.org\/{rel}","templated":true}]}}