{"id":15526,"date":"2026-05-07T14:16:39","date_gmt":"2026-05-07T12:16:39","guid":{"rendered":"https:\/\/esentialaroms.com\/productos\/esential-sun-2\/"},"modified":"2026-05-07T14:23:33","modified_gmt":"2026-05-07T12:23:33","slug":"esential-sun-2","status":"publish","type":"product","link":"https:\/\/esentialaroms.com\/pt-pt\/productos\/esential-sun-2\/","title":{"rendered":"ESENTIAL SUN"},"content":{"rendered":"","protected":false},"excerpt":{"rendered":"<div>Protetor solar com SPF 50 (UVA + UVB) para adultos e crian\u00e7as. Adequado para todo o tipo de pele. Com certifica\u00e7\u00e3o ecol\u00f3gica &nbsp;<\/div>\n","protected":false},"featured_media":0,"comment_status":"open","ping_status":"closed","template":"","meta":{"_acf_changed":false,"rs_blank_template":"","rs_page_bg_color":"","slide_template_v7":""},"product_brand":[],"product_cat":[323,333],"product_tag":[],"class_list":{"0":"post-15526","1":"product","2":"type-product","3":"status-publish","5":"product_cat-familias","6":"product_cat-solar-esential","8":"first","9":"instock","10":"shipping-taxable","11":"purchasable","12":"product-type-simple"},"acf":[],"_links":{"self":[{"href":"https:\/\/esentialaroms.com\/pt-pt\/wp-json\/wp\/v2\/product\/15526","targetHints":{"allow":["GET"]}}],"collection":[{"href":"https:\/\/esentialaroms.com\/pt-pt\/wp-json\/wp\/v2\/product"}],"about":[{"href":"https:\/\/esentialaroms.com\/pt-pt\/wp-json\/wp\/v2\/types\/product"}],"replies":[{"embeddable":true,"href":"https:\/\/esentialaroms.com\/pt-pt\/wp-json\/wp\/v2\/comments?post=15526"}],"version-history":[{"count":1,"href":"https:\/\/esentialaroms.com\/pt-pt\/wp-json\/wp\/v2\/product\/15526\/revisions"}],"predecessor-version":[{"id":15527,"href":"https:\/\/esentialaroms.com\/pt-pt\/wp-json\/wp\/v2\/product\/15526\/revisions\/15527"}],"wp:attachment":[{"href":"https:\/\/esentialaroms.com\/pt-pt\/wp-json\/wp\/v2\/media?parent=15526"}],"wp:term":[{"taxonomy":"product_brand","embeddable":true,"href":"https:\/\/esentialaroms.com\/pt-pt\/wp-json\/wp\/v2\/product_brand?post=15526"},{"taxonomy":"product_cat","embeddable":true,"href":"https:\/\/esentialaroms.com\/pt-pt\/wp-json\/wp\/v2\/product_cat?post=15526"},{"taxonomy":"product_tag","embeddable":true,"href":"https:\/\/esentialaroms.com\/pt-pt\/wp-json\/wp\/v2\/product_tag?post=15526"}],"curies":[{"name":"wp","href":"https:\/\/api.w.org\/{rel}","templated":true}]}}