{"id":15518,"date":"2026-05-07T14:16:37","date_gmt":"2026-05-07T12:16:37","guid":{"rendered":"https:\/\/esentialaroms.com\/productos\/pack-viaje-esentialfamily-2\/"},"modified":"2026-05-07T14:23:33","modified_gmt":"2026-05-07T12:23:33","slug":"pack-viaje-esentialfamily-2","status":"publish","type":"product","link":"https:\/\/esentialaroms.com\/pt-pt\/productos\/pack-viaje-esentialfamily-2\/","title":{"rendered":"PACK VIAGEM ESENTIAL&#8217;FAMILY"},"content":{"rendered":"<div>Champ\u00f4 Esential&#8217;Family<\/div>\n<div>\u00b7 Extrato de alo\u00e9 vera ecol\u00f3gico, macera\u00e7\u00e3o arom\u00e1tica de bagas de goji e polissacar\u00eddeos de origem natural com efeito suavizante.<\/div>\n<div>&nbsp;<\/div>\n<div>Gel corporal Esential&#8217;Family<\/div>\n<div>\u00b7 Extrato de alo\u00e9 vera ecol\u00f3gico, macerado arom\u00e1tico de bagas de goji e polissacar\u00eddeos de origem natural com efeito suavizante.<\/div>\n<div>&nbsp;<\/div>\n<div>Body Milk Esential&#8217;Family<\/div>\n<div>\u00b7 Manteiga de karit\u00e9, alo\u00e9 vera, \u00f3leo virgem de am\u00eandoas doces, extrato de arroz, beta\u00edna e macerado arom\u00e1tico de bagas de goji.<\/div>\n","protected":false},"excerpt":{"rendered":"<div>Os seus essenciais viajam consigo. O Pack Esential\u2019Family re\u00fane gel corporal, champ\u00f4 e leite corporal de origem natural em formato pr\u00e1tico, ideal para o cuidado di\u00e1rio da pele e do cabelo. F\u00f3rmulas suaves com aloe vera e bagas de goji que limpam, hidratam e proporcionam conforto, respeitando o equil\u00edbrio cut\u00e2neo.<\/div>\n","protected":false},"featured_media":15519,"comment_status":"open","ping_status":"closed","template":"","meta":{"_acf_changed":false,"rs_blank_template":"","rs_page_bg_color":"","slide_template_v7":""},"product_brand":[],"product_cat":[461,323,560],"product_tag":[],"class_list":{"0":"post-15518","1":"product","2":"type-product","3":"status-publish","4":"has-post-thumbnail","6":"product_cat-esentialfamily","7":"product_cat-familias","8":"product_cat-novos-produtos","10":"first","11":"instock","12":"shipping-taxable","13":"purchasable","14":"product-type-simple"},"acf":[],"_links":{"self":[{"href":"https:\/\/esentialaroms.com\/pt-pt\/wp-json\/wp\/v2\/product\/15518","targetHints":{"allow":["GET"]}}],"collection":[{"href":"https:\/\/esentialaroms.com\/pt-pt\/wp-json\/wp\/v2\/product"}],"about":[{"href":"https:\/\/esentialaroms.com\/pt-pt\/wp-json\/wp\/v2\/types\/product"}],"replies":[{"embeddable":true,"href":"https:\/\/esentialaroms.com\/pt-pt\/wp-json\/wp\/v2\/comments?post=15518"}],"version-history":[{"count":1,"href":"https:\/\/esentialaroms.com\/pt-pt\/wp-json\/wp\/v2\/product\/15518\/revisions"}],"predecessor-version":[{"id":15520,"href":"https:\/\/esentialaroms.com\/pt-pt\/wp-json\/wp\/v2\/product\/15518\/revisions\/15520"}],"wp:featuredmedia":[{"embeddable":true,"href":"https:\/\/esentialaroms.com\/pt-pt\/wp-json\/wp\/v2\/media\/15519"}],"wp:attachment":[{"href":"https:\/\/esentialaroms.com\/pt-pt\/wp-json\/wp\/v2\/media?parent=15518"}],"wp:term":[{"taxonomy":"product_brand","embeddable":true,"href":"https:\/\/esentialaroms.com\/pt-pt\/wp-json\/wp\/v2\/product_brand?post=15518"},{"taxonomy":"product_cat","embeddable":true,"href":"https:\/\/esentialaroms.com\/pt-pt\/wp-json\/wp\/v2\/product_cat?post=15518"},{"taxonomy":"product_tag","embeddable":true,"href":"https:\/\/esentialaroms.com\/pt-pt\/wp-json\/wp\/v2\/product_tag?post=15518"}],"curies":[{"name":"wp","href":"https:\/\/api.w.org\/{rel}","templated":true}]}}