{"id":15500,"date":"2026-05-07T14:16:30","date_gmt":"2026-05-07T12:16:30","guid":{"rendered":"https:\/\/esentialaroms.com\/productos\/micoesential-2\/"},"modified":"2026-05-07T14:23:32","modified_gmt":"2026-05-07T12:23:32","slug":"micoesential-2","status":"publish","type":"product","link":"https:\/\/esentialaroms.com\/pt-pt\/productos\/micoesential-2\/","title":{"rendered":"MICOESENTIAL"},"content":{"rendered":"","protected":false},"excerpt":{"rendered":"<div>Solu\u00e7\u00e3o com \u00e1rvore de ch\u00e1 para o cuidado da pele, os p\u00e9s e as unhas. &nbsp;<\/div>\n<div>O \u00f3leo essencial de \u00c1RVORE DE CH\u00c1 possui naturalmente propriedades antimicrobianas cientificamente comprovadas. &nbsp;<\/div>\n","protected":false},"featured_media":15501,"comment_status":"open","ping_status":"closed","template":"","meta":{"_acf_changed":false,"rs_blank_template":"","rs_page_bg_color":"","slide_template_v7":""},"product_brand":[],"product_cat":[338,504,323,510,513,341],"product_tag":[],"class_list":{"0":"post-15500","1":"product","2":"type-product","3":"status-publish","4":"has-post-thumbnail","6":"product_cat-arvore-do-cha","7":"product_cat-corporalmente","8":"product_cat-familias","9":"product_cat-higiene","10":"product_cat-pernas-e-pes","11":"product_cat-precisa","13":"first","14":"instock","15":"shipping-taxable","16":"purchasable","17":"product-type-simple"},"acf":[],"_links":{"self":[{"href":"https:\/\/esentialaroms.com\/pt-pt\/wp-json\/wp\/v2\/product\/15500","targetHints":{"allow":["GET"]}}],"collection":[{"href":"https:\/\/esentialaroms.com\/pt-pt\/wp-json\/wp\/v2\/product"}],"about":[{"href":"https:\/\/esentialaroms.com\/pt-pt\/wp-json\/wp\/v2\/types\/product"}],"replies":[{"embeddable":true,"href":"https:\/\/esentialaroms.com\/pt-pt\/wp-json\/wp\/v2\/comments?post=15500"}],"version-history":[{"count":1,"href":"https:\/\/esentialaroms.com\/pt-pt\/wp-json\/wp\/v2\/product\/15500\/revisions"}],"predecessor-version":[{"id":15503,"href":"https:\/\/esentialaroms.com\/pt-pt\/wp-json\/wp\/v2\/product\/15500\/revisions\/15503"}],"wp:featuredmedia":[{"embeddable":true,"href":"https:\/\/esentialaroms.com\/pt-pt\/wp-json\/wp\/v2\/media\/15501"}],"wp:attachment":[{"href":"https:\/\/esentialaroms.com\/pt-pt\/wp-json\/wp\/v2\/media?parent=15500"}],"wp:term":[{"taxonomy":"product_brand","embeddable":true,"href":"https:\/\/esentialaroms.com\/pt-pt\/wp-json\/wp\/v2\/product_brand?post=15500"},{"taxonomy":"product_cat","embeddable":true,"href":"https:\/\/esentialaroms.com\/pt-pt\/wp-json\/wp\/v2\/product_cat?post=15500"},{"taxonomy":"product_tag","embeddable":true,"href":"https:\/\/esentialaroms.com\/pt-pt\/wp-json\/wp\/v2\/product_tag?post=15500"}],"curies":[{"name":"wp","href":"https:\/\/api.w.org\/{rel}","templated":true}]}}