{"id":15486,"date":"2026-05-07T14:16:28","date_gmt":"2026-05-07T12:16:28","guid":{"rendered":"https:\/\/esentialaroms.com\/productos\/gel-corporal-arbol-del-te-2\/"},"modified":"2026-05-07T14:23:32","modified_gmt":"2026-05-07T12:23:32","slug":"gel-corporal-arbol-del-te-2","status":"publish","type":"product","link":"https:\/\/esentialaroms.com\/pt-pt\/productos\/gel-corporal-arbol-del-te-2\/","title":{"rendered":"GEL CORPORAL \u00c1rbore de Ch\u00e1"},"content":{"rendered":"","protected":false},"excerpt":{"rendered":"<div>Cosm\u00e9tico natural com ingredientes ecol\u00f3gicos. &nbsp;<\/div>\n<div>O gel corporal de \u00e1rvore do ch\u00e1 hidrata e purifica a pele em profundidade. A \u00e1rvore do ch\u00e1, aliada \u00e0s propriedades do nim, proporciona \u00e0 pele corporal uma a\u00e7\u00e3o regeneradora, hidratante e reguladora do sebo. &nbsp;<\/div>\n","protected":false},"featured_media":15487,"comment_status":"open","ping_status":"closed","template":"","meta":{"_acf_changed":false,"rs_blank_template":"","rs_page_bg_color":"","slide_template_v7":""},"product_brand":[],"product_cat":[338,557,323],"product_tag":[],"class_list":{"0":"post-15486","1":"product","2":"type-product","3":"status-publish","4":"has-post-thumbnail","6":"product_cat-arvore-do-cha","7":"product_cat-best-sellers","8":"product_cat-familias","10":"first","11":"instock","12":"shipping-taxable","13":"purchasable","14":"product-type-simple"},"acf":[],"_links":{"self":[{"href":"https:\/\/esentialaroms.com\/pt-pt\/wp-json\/wp\/v2\/product\/15486","targetHints":{"allow":["GET"]}}],"collection":[{"href":"https:\/\/esentialaroms.com\/pt-pt\/wp-json\/wp\/v2\/product"}],"about":[{"href":"https:\/\/esentialaroms.com\/pt-pt\/wp-json\/wp\/v2\/types\/product"}],"replies":[{"embeddable":true,"href":"https:\/\/esentialaroms.com\/pt-pt\/wp-json\/wp\/v2\/comments?post=15486"}],"version-history":[{"count":1,"href":"https:\/\/esentialaroms.com\/pt-pt\/wp-json\/wp\/v2\/product\/15486\/revisions"}],"predecessor-version":[{"id":15488,"href":"https:\/\/esentialaroms.com\/pt-pt\/wp-json\/wp\/v2\/product\/15486\/revisions\/15488"}],"wp:featuredmedia":[{"embeddable":true,"href":"https:\/\/esentialaroms.com\/pt-pt\/wp-json\/wp\/v2\/media\/15487"}],"wp:attachment":[{"href":"https:\/\/esentialaroms.com\/pt-pt\/wp-json\/wp\/v2\/media?parent=15486"}],"wp:term":[{"taxonomy":"product_brand","embeddable":true,"href":"https:\/\/esentialaroms.com\/pt-pt\/wp-json\/wp\/v2\/product_brand?post=15486"},{"taxonomy":"product_cat","embeddable":true,"href":"https:\/\/esentialaroms.com\/pt-pt\/wp-json\/wp\/v2\/product_cat?post=15486"},{"taxonomy":"product_tag","embeddable":true,"href":"https:\/\/esentialaroms.com\/pt-pt\/wp-json\/wp\/v2\/product_tag?post=15486"}],"curies":[{"name":"wp","href":"https:\/\/api.w.org\/{rel}","templated":true}]}}