{"id":15474,"date":"2026-05-07T14:16:25","date_gmt":"2026-05-07T12:16:25","guid":{"rendered":"https:\/\/esentialaroms.com\/productos\/manteca-de-karite-y-arbol-del-te-2\/"},"modified":"2026-05-07T14:23:32","modified_gmt":"2026-05-07T12:23:32","slug":"manteca-de-karite-y-arbol-del-te-2","status":"publish","type":"product","link":"https:\/\/esentialaroms.com\/pt-pt\/productos\/manteca-de-karite-y-arbol-del-te-2\/","title":{"rendered":"MANTEIGA DE KARIT\u00c9 e \u00c1RVORE DO CH\u00c1"},"content":{"rendered":"","protected":false},"excerpt":{"rendered":"<div>Manteiga de karit\u00e9, rosto e corpo. &nbsp;<\/div>\n<div>\u2022 Purificante &nbsp;<\/div>\n<div>\u2022 Antiss\u00e9ptica &nbsp;<\/div>\n<div>\u2022 Cicatrizante &nbsp;<\/div>\n<div>\u2022 Reparadora &nbsp;<\/div>\n<div>\u2022 Descongestionante &nbsp;<\/div>\n<div>\u2022 Hiperhidratante &nbsp;<\/div>\n","protected":false},"featured_media":15475,"comment_status":"open","ping_status":"closed","template":"","meta":{"_acf_changed":false,"rs_blank_template":"","rs_page_bg_color":"","slide_template_v7":""},"product_brand":[],"product_cat":[338,504,323,510,513,341],"product_tag":[],"class_list":{"0":"post-15474","1":"product","2":"type-product","3":"status-publish","4":"has-post-thumbnail","6":"product_cat-arvore-do-cha","7":"product_cat-corporalmente","8":"product_cat-familias","9":"product_cat-higiene","10":"product_cat-pernas-e-pes","11":"product_cat-precisa","13":"first","14":"instock","15":"shipping-taxable","16":"purchasable","17":"product-type-simple"},"acf":[],"_links":{"self":[{"href":"https:\/\/esentialaroms.com\/pt-pt\/wp-json\/wp\/v2\/product\/15474","targetHints":{"allow":["GET"]}}],"collection":[{"href":"https:\/\/esentialaroms.com\/pt-pt\/wp-json\/wp\/v2\/product"}],"about":[{"href":"https:\/\/esentialaroms.com\/pt-pt\/wp-json\/wp\/v2\/types\/product"}],"replies":[{"embeddable":true,"href":"https:\/\/esentialaroms.com\/pt-pt\/wp-json\/wp\/v2\/comments?post=15474"}],"version-history":[{"count":1,"href":"https:\/\/esentialaroms.com\/pt-pt\/wp-json\/wp\/v2\/product\/15474\/revisions"}],"predecessor-version":[{"id":15477,"href":"https:\/\/esentialaroms.com\/pt-pt\/wp-json\/wp\/v2\/product\/15474\/revisions\/15477"}],"wp:featuredmedia":[{"embeddable":true,"href":"https:\/\/esentialaroms.com\/pt-pt\/wp-json\/wp\/v2\/media\/15475"}],"wp:attachment":[{"href":"https:\/\/esentialaroms.com\/pt-pt\/wp-json\/wp\/v2\/media?parent=15474"}],"wp:term":[{"taxonomy":"product_brand","embeddable":true,"href":"https:\/\/esentialaroms.com\/pt-pt\/wp-json\/wp\/v2\/product_brand?post=15474"},{"taxonomy":"product_cat","embeddable":true,"href":"https:\/\/esentialaroms.com\/pt-pt\/wp-json\/wp\/v2\/product_cat?post=15474"},{"taxonomy":"product_tag","embeddable":true,"href":"https:\/\/esentialaroms.com\/pt-pt\/wp-json\/wp\/v2\/product_tag?post=15474"}],"curies":[{"name":"wp","href":"https:\/\/api.w.org\/{rel}","templated":true}]}}