{"id":15460,"date":"2026-05-07T14:16:20","date_gmt":"2026-05-07T12:16:20","guid":{"rendered":"https:\/\/esentialaroms.com\/productos\/aceite-esencial-arbol-del-te-bio-2\/"},"modified":"2026-05-07T14:23:31","modified_gmt":"2026-05-07T12:23:31","slug":"aceite-esencial-arbol-del-te-bio-2","status":"publish","type":"product","link":"https:\/\/esentialaroms.com\/pt-pt\/productos\/aceite-esencial-arbol-del-te-bio-2\/","title":{"rendered":"\u00d3leo essencial \u00c1RVORE DE CH\u00c1 BIO"},"content":{"rendered":"","protected":false},"excerpt":{"rendered":"<div>\u00d3leo essencial bot\u00e2nico e bioquimicamente definido (A.E.B.B.D.) quimiotipado (\u00d3rg\u00e3o produtor: folhas \u00b7 Defini\u00e7\u00e3o bioqu\u00edmica: terpinen-4-ol, ?-terpineno). \u00d3leo essencial de origem australiana com CHIRAL PURITY TEST [terpinen-4-ol (R) +69%, terpinen-4-ol (S) \u201329%]. &nbsp;<\/div>\n","protected":false},"featured_media":15461,"comment_status":"open","ping_status":"closed","template":"","meta":{"_acf_changed":false,"rs_blank_template":"","rs_page_bg_color":"","slide_template_v7":""},"product_brand":[],"product_cat":[338,356,323,341,362],"product_tag":[],"class_list":{"0":"post-15460","1":"product","2":"type-product","3":"status-publish","4":"has-post-thumbnail","6":"product_cat-arvore-do-cha","7":"product_cat-facial","8":"product_cat-familias","9":"product_cat-precisa","10":"product_cat-tipo-de-pele","12":"first","13":"instock","14":"shipping-taxable","15":"purchasable","16":"product-type-simple"},"acf":[],"_links":{"self":[{"href":"https:\/\/esentialaroms.com\/pt-pt\/wp-json\/wp\/v2\/product\/15460","targetHints":{"allow":["GET"]}}],"collection":[{"href":"https:\/\/esentialaroms.com\/pt-pt\/wp-json\/wp\/v2\/product"}],"about":[{"href":"https:\/\/esentialaroms.com\/pt-pt\/wp-json\/wp\/v2\/types\/product"}],"replies":[{"embeddable":true,"href":"https:\/\/esentialaroms.com\/pt-pt\/wp-json\/wp\/v2\/comments?post=15460"}],"version-history":[{"count":1,"href":"https:\/\/esentialaroms.com\/pt-pt\/wp-json\/wp\/v2\/product\/15460\/revisions"}],"predecessor-version":[{"id":15462,"href":"https:\/\/esentialaroms.com\/pt-pt\/wp-json\/wp\/v2\/product\/15460\/revisions\/15462"}],"wp:featuredmedia":[{"embeddable":true,"href":"https:\/\/esentialaroms.com\/pt-pt\/wp-json\/wp\/v2\/media\/15461"}],"wp:attachment":[{"href":"https:\/\/esentialaroms.com\/pt-pt\/wp-json\/wp\/v2\/media?parent=15460"}],"wp:term":[{"taxonomy":"product_brand","embeddable":true,"href":"https:\/\/esentialaroms.com\/pt-pt\/wp-json\/wp\/v2\/product_brand?post=15460"},{"taxonomy":"product_cat","embeddable":true,"href":"https:\/\/esentialaroms.com\/pt-pt\/wp-json\/wp\/v2\/product_cat?post=15460"},{"taxonomy":"product_tag","embeddable":true,"href":"https:\/\/esentialaroms.com\/pt-pt\/wp-json\/wp\/v2\/product_tag?post=15460"}],"curies":[{"name":"wp","href":"https:\/\/api.w.org\/{rel}","templated":true}]}}