{"id":15418,"date":"2026-05-07T14:15:53","date_gmt":"2026-05-07T12:15:53","guid":{"rendered":"https:\/\/esentialaroms.com\/productos\/manteca-de-karite-calmante-2\/"},"modified":"2026-05-07T14:23:31","modified_gmt":"2026-05-07T12:23:31","slug":"manteca-de-karite-calmante-2","status":"publish","type":"product","link":"https:\/\/esentialaroms.com\/pt-pt\/productos\/manteca-de-karite-calmante-2\/","title":{"rendered":"Manteiga de Karit\u00e9 CALMANTE"},"content":{"rendered":"<div>As nossas manteigas s\u00e3o 100% naturais, produzidas artesanalmente em colabora\u00e7\u00e3o com uma cooperativa de mulheres no Burquina Faso atrav\u00e9s do Com\u00e9rcio Justo. Este processo tradicional de produ\u00e7\u00e3o de manteiga de karit\u00e9 ajudou a empoderar estas mulheres, aumentando a sua autoestima e conquistando o respeito das suas fam\u00edlias e o direito de se expressarem na comunidade. Al\u00e9m disso, as nossas manteigas ultrafiltradas conservam todas as suas propriedades intactas. &nbsp;<\/div>\n<div>Aplica\u00e7\u00f5es da manteiga de Karit\u00e9: &nbsp;<\/div>\n<div>\u00b7 Hidrata\u00e7\u00e3o da pele: \u00e1reas secas das m\u00e3os, cotovelos e p\u00e9s. &nbsp;<\/div>\n<div>\u00b7 Hidrata\u00e7\u00e3o do cabelo. &nbsp;<\/div>\n<div>\u00b7 Cuidado das unhas. &nbsp;<\/div>\n<div>\u00b7 Prote\u00e7\u00e3o dos l\u00e1bios. &nbsp;<\/div>\n<div>\u00b7 Perfumes s\u00f3lidos: use-a como base para adicionar \u00f3leos essenciais e formular os seus pr\u00f3prios cremes naturais. &nbsp;<\/div>\n","protected":false},"excerpt":{"rendered":"<div>Manteiga de karit\u00e9 calmante para rosto e corpo. &nbsp;<\/div>\n<div>\u00b7 Acalma e regenera a pele &nbsp;<\/div>\n<div>\u00b7 Alivia a vermelhid\u00e3o &nbsp;<\/div>\n<div>\u00b7 Restaura a elasticidade da pele &nbsp;<\/div>\n<div>\u00b7 Nutre, revitaliza e hidrata. &nbsp;<\/div>\n","protected":false},"featured_media":15419,"comment_status":"open","ping_status":"closed","template":"","meta":{"_acf_changed":false,"rs_blank_template":"","rs_page_bg_color":"","slide_template_v7":""},"product_brand":[],"product_cat":[504,507,323,477,513,341],"product_tag":[],"class_list":{"0":"post-15418","1":"product","2":"type-product","3":"status-publish","4":"has-post-thumbnail","6":"product_cat-corporalmente","7":"product_cat-cuidados-com-o-corpo","8":"product_cat-familias","9":"product_cat-manteiga-de-karite","10":"product_cat-pernas-e-pes","11":"product_cat-precisa","13":"first","14":"instock","15":"shipping-taxable","16":"purchasable","17":"product-type-simple"},"acf":[],"_links":{"self":[{"href":"https:\/\/esentialaroms.com\/pt-pt\/wp-json\/wp\/v2\/product\/15418","targetHints":{"allow":["GET"]}}],"collection":[{"href":"https:\/\/esentialaroms.com\/pt-pt\/wp-json\/wp\/v2\/product"}],"about":[{"href":"https:\/\/esentialaroms.com\/pt-pt\/wp-json\/wp\/v2\/types\/product"}],"replies":[{"embeddable":true,"href":"https:\/\/esentialaroms.com\/pt-pt\/wp-json\/wp\/v2\/comments?post=15418"}],"version-history":[{"count":1,"href":"https:\/\/esentialaroms.com\/pt-pt\/wp-json\/wp\/v2\/product\/15418\/revisions"}],"predecessor-version":[{"id":15421,"href":"https:\/\/esentialaroms.com\/pt-pt\/wp-json\/wp\/v2\/product\/15418\/revisions\/15421"}],"wp:featuredmedia":[{"embeddable":true,"href":"https:\/\/esentialaroms.com\/pt-pt\/wp-json\/wp\/v2\/media\/15419"}],"wp:attachment":[{"href":"https:\/\/esentialaroms.com\/pt-pt\/wp-json\/wp\/v2\/media?parent=15418"}],"wp:term":[{"taxonomy":"product_brand","embeddable":true,"href":"https:\/\/esentialaroms.com\/pt-pt\/wp-json\/wp\/v2\/product_brand?post=15418"},{"taxonomy":"product_cat","embeddable":true,"href":"https:\/\/esentialaroms.com\/pt-pt\/wp-json\/wp\/v2\/product_cat?post=15418"},{"taxonomy":"product_tag","embeddable":true,"href":"https:\/\/esentialaroms.com\/pt-pt\/wp-json\/wp\/v2\/product_tag?post=15418"}],"curies":[{"name":"wp","href":"https:\/\/api.w.org\/{rel}","templated":true}]}}