{"id":15361,"date":"2026-05-07T14:11:21","date_gmt":"2026-05-07T12:11:21","guid":{"rendered":"https:\/\/esentialaroms.com\/productos\/aceite-seco-argan-2\/"},"modified":"2026-05-07T14:23:30","modified_gmt":"2026-05-07T12:23:30","slug":"aceite-seco-argan-2","status":"publish","type":"product","link":"https:\/\/esentialaroms.com\/pt-pt\/productos\/aceite-seco-argan-2\/","title":{"rendered":"\u00d3LEO SECO de Argan"},"content":{"rendered":"","protected":false},"excerpt":{"rendered":"<div>O \u00f3leo seco de Arg\u00e3o e Esculano, de origem 100% natural e biol\u00f3gica, hidrata, regenera e nutre. &nbsp;<\/div>\n<div>O \u00f3leo virgem de ARGAN prov\u00e9m da primeira press\u00e3o a frio da semente da \u00e1rvore de ARGAN (Argania spinosa), origin\u00e1ria de Marrocos. Tem um alto valor biol\u00f3gico devido \u00e0 sua a\u00e7\u00e3o altamente hidratante e nutritiva. Al\u00e9m disso, estimula a regenera\u00e7\u00e3o da pele e ajuda a combater as rugas e a passagem do tempo de forma eficaz. &nbsp;<\/div>\n","protected":false},"featured_media":15351,"comment_status":"open","ping_status":"closed","template":"","meta":{"_acf_changed":false,"rs_blank_template":"","rs_page_bg_color":"","slide_template_v7":""},"product_brand":[],"product_cat":[525,326,504,507,356,323,513,341,362],"product_tag":[],"class_list":{"0":"post-15361","1":"product","2":"type-product","3":"status-publish","4":"has-post-thumbnail","6":"product_cat-anti-envelhecimento","7":"product_cat-argan","8":"product_cat-corporalmente","9":"product_cat-cuidados-com-o-corpo","10":"product_cat-facial","11":"product_cat-familias","12":"product_cat-pernas-e-pes","13":"product_cat-precisa","14":"product_cat-tipo-de-pele","16":"first","17":"instock","18":"shipping-taxable","19":"purchasable","20":"product-type-simple"},"acf":[],"_links":{"self":[{"href":"https:\/\/esentialaroms.com\/pt-pt\/wp-json\/wp\/v2\/product\/15361","targetHints":{"allow":["GET"]}}],"collection":[{"href":"https:\/\/esentialaroms.com\/pt-pt\/wp-json\/wp\/v2\/product"}],"about":[{"href":"https:\/\/esentialaroms.com\/pt-pt\/wp-json\/wp\/v2\/types\/product"}],"replies":[{"embeddable":true,"href":"https:\/\/esentialaroms.com\/pt-pt\/wp-json\/wp\/v2\/comments?post=15361"}],"version-history":[{"count":0,"href":"https:\/\/esentialaroms.com\/pt-pt\/wp-json\/wp\/v2\/product\/15361\/revisions"}],"wp:featuredmedia":[{"embeddable":true,"href":"https:\/\/esentialaroms.com\/pt-pt\/wp-json\/wp\/v2\/media\/15351"}],"wp:attachment":[{"href":"https:\/\/esentialaroms.com\/pt-pt\/wp-json\/wp\/v2\/media?parent=15361"}],"wp:term":[{"taxonomy":"product_brand","embeddable":true,"href":"https:\/\/esentialaroms.com\/pt-pt\/wp-json\/wp\/v2\/product_brand?post=15361"},{"taxonomy":"product_cat","embeddable":true,"href":"https:\/\/esentialaroms.com\/pt-pt\/wp-json\/wp\/v2\/product_cat?post=15361"},{"taxonomy":"product_tag","embeddable":true,"href":"https:\/\/esentialaroms.com\/pt-pt\/wp-json\/wp\/v2\/product_tag?post=15361"}],"curies":[{"name":"wp","href":"https:\/\/api.w.org\/{rel}","templated":true}]}}