{"id":15315,"date":"2026-05-07T14:11:02","date_gmt":"2026-05-07T12:11:02","guid":{"rendered":"https:\/\/esentialaroms.com\/productos\/womantime-sensual-vitality-2\/"},"modified":"2026-05-07T14:23:28","modified_gmt":"2026-05-07T12:23:28","slug":"womantime-sensual-vitality-2","status":"publish","type":"product","link":"https:\/\/esentialaroms.com\/pt-pt\/productos\/womantime-sensual-vitality-2\/","title":{"rendered":"WOMANTIME Sensual Vitality"},"content":{"rendered":"<div>As vitaminas B6 e B9 contribuem para a redu\u00e7\u00e3o do cansa\u00e7o e da fadiga. A vitamina B6 contribui para a regula\u00e7\u00e3o da atividade hormonal. &nbsp;<\/div>\n","protected":false},"excerpt":{"rendered":"<div>WOMANTIME Sensual Vitality \u00e9 um suplemento alimentar formulado com extrato de feno-grego, vitaminas do grupo B e zinco, concebido para acompanhar o bem-estar nutricional da mulher adulta no \u00e2mbito de um estilo de vida equilibrado. &nbsp;<\/div>\n","protected":false},"featured_media":15316,"comment_status":"open","ping_status":"closed","template":"","meta":{"_acf_changed":false,"rs_blank_template":"","rs_page_bg_color":"","slide_template_v7":""},"product_brand":[],"product_cat":[344,347,341],"product_tag":[],"class_list":{"0":"post-15315","1":"product","2":"type-product","3":"status-publish","4":"has-post-thumbnail","6":"product_cat-bem-estar","7":"product_cat-bem-estar-da-mulher","8":"product_cat-precisa","10":"first","11":"instock","12":"shipping-taxable","13":"purchasable","14":"product-type-simple"},"acf":[],"_links":{"self":[{"href":"https:\/\/esentialaroms.com\/pt-pt\/wp-json\/wp\/v2\/product\/15315","targetHints":{"allow":["GET"]}}],"collection":[{"href":"https:\/\/esentialaroms.com\/pt-pt\/wp-json\/wp\/v2\/product"}],"about":[{"href":"https:\/\/esentialaroms.com\/pt-pt\/wp-json\/wp\/v2\/types\/product"}],"replies":[{"embeddable":true,"href":"https:\/\/esentialaroms.com\/pt-pt\/wp-json\/wp\/v2\/comments?post=15315"}],"version-history":[{"count":1,"href":"https:\/\/esentialaroms.com\/pt-pt\/wp-json\/wp\/v2\/product\/15315\/revisions"}],"predecessor-version":[{"id":15319,"href":"https:\/\/esentialaroms.com\/pt-pt\/wp-json\/wp\/v2\/product\/15315\/revisions\/15319"}],"wp:featuredmedia":[{"embeddable":true,"href":"https:\/\/esentialaroms.com\/pt-pt\/wp-json\/wp\/v2\/media\/15316"}],"wp:attachment":[{"href":"https:\/\/esentialaroms.com\/pt-pt\/wp-json\/wp\/v2\/media?parent=15315"}],"wp:term":[{"taxonomy":"product_brand","embeddable":true,"href":"https:\/\/esentialaroms.com\/pt-pt\/wp-json\/wp\/v2\/product_brand?post=15315"},{"taxonomy":"product_cat","embeddable":true,"href":"https:\/\/esentialaroms.com\/pt-pt\/wp-json\/wp\/v2\/product_cat?post=15315"},{"taxonomy":"product_tag","embeddable":true,"href":"https:\/\/esentialaroms.com\/pt-pt\/wp-json\/wp\/v2\/product_tag?post=15315"}],"curies":[{"name":"wp","href":"https:\/\/api.w.org\/{rel}","templated":true}]}}