{"id":15283,"date":"2026-05-07T14:10:54","date_gmt":"2026-05-07T12:10:54","guid":{"rendered":"https:\/\/esentialaroms.com\/productos\/esentialgel-intim-2\/"},"modified":"2026-05-07T14:23:28","modified_gmt":"2026-05-07T12:23:28","slug":"esentialgel-intim-2","status":"publish","type":"product","link":"https:\/\/esentialaroms.com\/pt-pt\/productos\/esentialgel-intim-2\/","title":{"rendered":"ESENTIAL\u2019GEL intim"},"content":{"rendered":"<div>Gel \u00edntimo amigo da pele &nbsp;<\/div>\n","protected":false},"excerpt":{"rendered":"<div>A zona \u00edntima feminina \u00e9 uma mucosa delicada com uma flora natural que nos protege das infec\u00e7\u00f5es, pois produz \u00e1cido l\u00e1tico e gera um pH \u00f3timo que ajuda a preveni-las. &nbsp;<\/div>\n<div>ESENTIAL&#8217;GEL INTIM\u00ae \u00e9 um gel \u00edntimo natural, suave e respeitador da flora natural da vagina. \u00c9 formulado com plantas medicinais, \u00e1guas florais de camomila romana e neroli, extractos de alo\u00e9 vera, raiz de consolda, flor de t\u00edlia, bot\u00f5es de algod\u00e3o e violeta, e \u00f3leos essenciais de lavandim e \u00e1rvore de ch\u00e1. Com efeito probi\u00f3tico &#8211; anti-odor natural. &nbsp;<\/div>\n<div>Higiene \u00edntima quotidiana. Aplica\u00e7\u00e3o f\u00e1cil. Textura agrad\u00e1vel. Para uso externo. &nbsp;<\/div>\n","protected":false},"featured_media":15284,"comment_status":"open","ping_status":"closed","template":"","meta":{"_acf_changed":false,"rs_blank_template":"","rs_page_bg_color":"","slide_template_v7":""},"product_brand":[],"product_cat":[464,323],"product_tag":[],"class_list":{"0":"post-15283","1":"product","2":"type-product","3":"status-publish","4":"has-post-thumbnail","6":"product_cat-esentialwoman","7":"product_cat-familias","9":"first","10":"instock","11":"shipping-taxable","12":"purchasable","13":"product-type-simple"},"acf":[],"_links":{"self":[{"href":"https:\/\/esentialaroms.com\/pt-pt\/wp-json\/wp\/v2\/product\/15283","targetHints":{"allow":["GET"]}}],"collection":[{"href":"https:\/\/esentialaroms.com\/pt-pt\/wp-json\/wp\/v2\/product"}],"about":[{"href":"https:\/\/esentialaroms.com\/pt-pt\/wp-json\/wp\/v2\/types\/product"}],"replies":[{"embeddable":true,"href":"https:\/\/esentialaroms.com\/pt-pt\/wp-json\/wp\/v2\/comments?post=15283"}],"version-history":[{"count":1,"href":"https:\/\/esentialaroms.com\/pt-pt\/wp-json\/wp\/v2\/product\/15283\/revisions"}],"predecessor-version":[{"id":15285,"href":"https:\/\/esentialaroms.com\/pt-pt\/wp-json\/wp\/v2\/product\/15283\/revisions\/15285"}],"wp:featuredmedia":[{"embeddable":true,"href":"https:\/\/esentialaroms.com\/pt-pt\/wp-json\/wp\/v2\/media\/15284"}],"wp:attachment":[{"href":"https:\/\/esentialaroms.com\/pt-pt\/wp-json\/wp\/v2\/media?parent=15283"}],"wp:term":[{"taxonomy":"product_brand","embeddable":true,"href":"https:\/\/esentialaroms.com\/pt-pt\/wp-json\/wp\/v2\/product_brand?post=15283"},{"taxonomy":"product_cat","embeddable":true,"href":"https:\/\/esentialaroms.com\/pt-pt\/wp-json\/wp\/v2\/product_cat?post=15283"},{"taxonomy":"product_tag","embeddable":true,"href":"https:\/\/esentialaroms.com\/pt-pt\/wp-json\/wp\/v2\/product_tag?post=15283"}],"curies":[{"name":"wp","href":"https:\/\/api.w.org\/{rel}","templated":true}]}}