{"id":15272,"date":"2026-05-07T14:10:51","date_gmt":"2026-05-07T12:10:51","guid":{"rendered":"https:\/\/esentialaroms.com\/productos\/aceite-vegetal-virgen-de-canamo-cannabis-sativa-bio-250-ml-2\/"},"modified":"2026-05-07T14:23:28","modified_gmt":"2026-05-07T12:23:28","slug":"aceite-vegetal-virgen-de-canamo-cannabis-sativa-bio-250-ml-2","status":"publish","type":"product","link":"https:\/\/esentialaroms.com\/pt-pt\/productos\/aceite-vegetal-virgen-de-canamo-cannabis-sativa-bio-250-ml-2\/","title":{"rendered":"\u00d3leo vegetal virgem de C\u00c2NHAMO (Cannabis sativa) BIO 250 ml"},"content":{"rendered":"","protected":false},"excerpt":{"rendered":"<div>O \u00f3leo virgem de c\u00e2nhamo cont\u00e9m \u00e1cidos gordos de um alto valor nutricional: \u00e1cido linoleico (O-6), 55%; \u00e1cido a-linol\u00e9nico (O-3 vegetal), 16%; \u00e1cido oleico (O-9), 11%. Al\u00e9m disso, cont\u00e9m esterois vegetais (\u00df-sitosterol, campesterol, fitol, cicloartenol) e destaca por apresentar a forma de vitamina E natural: ?-tocoferol, um potente antioxidante. &nbsp;<\/div>\n","protected":false},"featured_media":15273,"comment_status":"open","ping_status":"closed","template":"","meta":{"_acf_changed":false,"rs_blank_template":"","rs_page_bg_color":"","slide_template_v7":""},"product_brand":[],"product_cat":[308,311],"product_tag":[],"class_list":{"0":"post-15272","1":"product","2":"type-product","3":"status-publish","4":"has-post-thumbnail","6":"product_cat-aromaterapia","7":"product_cat-oleos-vegetais","9":"first","10":"instock","11":"shipping-taxable","12":"purchasable","13":"product-type-simple"},"acf":[],"_links":{"self":[{"href":"https:\/\/esentialaroms.com\/pt-pt\/wp-json\/wp\/v2\/product\/15272","targetHints":{"allow":["GET"]}}],"collection":[{"href":"https:\/\/esentialaroms.com\/pt-pt\/wp-json\/wp\/v2\/product"}],"about":[{"href":"https:\/\/esentialaroms.com\/pt-pt\/wp-json\/wp\/v2\/types\/product"}],"replies":[{"embeddable":true,"href":"https:\/\/esentialaroms.com\/pt-pt\/wp-json\/wp\/v2\/comments?post=15272"}],"version-history":[{"count":1,"href":"https:\/\/esentialaroms.com\/pt-pt\/wp-json\/wp\/v2\/product\/15272\/revisions"}],"predecessor-version":[{"id":15274,"href":"https:\/\/esentialaroms.com\/pt-pt\/wp-json\/wp\/v2\/product\/15272\/revisions\/15274"}],"wp:featuredmedia":[{"embeddable":true,"href":"https:\/\/esentialaroms.com\/pt-pt\/wp-json\/wp\/v2\/media\/15273"}],"wp:attachment":[{"href":"https:\/\/esentialaroms.com\/pt-pt\/wp-json\/wp\/v2\/media?parent=15272"}],"wp:term":[{"taxonomy":"product_brand","embeddable":true,"href":"https:\/\/esentialaroms.com\/pt-pt\/wp-json\/wp\/v2\/product_brand?post=15272"},{"taxonomy":"product_cat","embeddable":true,"href":"https:\/\/esentialaroms.com\/pt-pt\/wp-json\/wp\/v2\/product_cat?post=15272"},{"taxonomy":"product_tag","embeddable":true,"href":"https:\/\/esentialaroms.com\/pt-pt\/wp-json\/wp\/v2\/product_tag?post=15272"}],"curies":[{"name":"wp","href":"https:\/\/api.w.org\/{rel}","templated":true}]}}