{"id":15261,"date":"2026-05-07T14:10:47","date_gmt":"2026-05-07T12:10:47","guid":{"rendered":"https:\/\/esentialaroms.com\/productos\/a-topic-gel-champu-y-gel-corporal-2\/"},"modified":"2026-05-07T14:23:27","modified_gmt":"2026-05-07T12:23:27","slug":"a-topic-gel-champu-y-gel-corporal-2","status":"publish","type":"product","link":"https:\/\/esentialaroms.com\/pt-pt\/productos\/a-topic-gel-champu-y-gel-corporal-2\/","title":{"rendered":"A-Topic Gel CHAMP\u00d4 E GEL DE BANHO"},"content":{"rendered":"","protected":false},"excerpt":{"rendered":"<div>Cuidado das peles com tend\u00eancia at\u00f3pica, secas e muito secas. &nbsp;<\/div>\n<div>A-TOPIC GEL limpa, hidrata e acalma. Formulado com \u00e1gua floral de cent\u00e1urea (rica em mucilagens, suavizantes da pele) e extratos de camomila azul, flor de laranjeira e confrei (com teor natural em alanto\u00edna vegetal, que ajuda a acalmar a pele irritada e com descama\u00e7\u00e3o). &nbsp;<\/div>\n","protected":false},"featured_media":15262,"comment_status":"open","ping_status":"closed","template":"","meta":{"_acf_changed":false,"rs_blank_template":"","rs_page_bg_color":"","slide_template_v7":""},"product_brand":[],"product_cat":[459,356,323,341,362],"product_tag":[],"class_list":{"0":"post-15261","1":"product","2":"type-product","3":"status-publish","4":"has-post-thumbnail","6":"product_cat-dermoesential","7":"product_cat-facial","8":"product_cat-familias","9":"product_cat-precisa","10":"product_cat-tipo-de-pele","12":"first","13":"instock","14":"shipping-taxable","15":"purchasable","16":"product-type-simple"},"acf":[],"_links":{"self":[{"href":"https:\/\/esentialaroms.com\/pt-pt\/wp-json\/wp\/v2\/product\/15261","targetHints":{"allow":["GET"]}}],"collection":[{"href":"https:\/\/esentialaroms.com\/pt-pt\/wp-json\/wp\/v2\/product"}],"about":[{"href":"https:\/\/esentialaroms.com\/pt-pt\/wp-json\/wp\/v2\/types\/product"}],"replies":[{"embeddable":true,"href":"https:\/\/esentialaroms.com\/pt-pt\/wp-json\/wp\/v2\/comments?post=15261"}],"version-history":[{"count":1,"href":"https:\/\/esentialaroms.com\/pt-pt\/wp-json\/wp\/v2\/product\/15261\/revisions"}],"predecessor-version":[{"id":15263,"href":"https:\/\/esentialaroms.com\/pt-pt\/wp-json\/wp\/v2\/product\/15261\/revisions\/15263"}],"wp:featuredmedia":[{"embeddable":true,"href":"https:\/\/esentialaroms.com\/pt-pt\/wp-json\/wp\/v2\/media\/15262"}],"wp:attachment":[{"href":"https:\/\/esentialaroms.com\/pt-pt\/wp-json\/wp\/v2\/media?parent=15261"}],"wp:term":[{"taxonomy":"product_brand","embeddable":true,"href":"https:\/\/esentialaroms.com\/pt-pt\/wp-json\/wp\/v2\/product_brand?post=15261"},{"taxonomy":"product_cat","embeddable":true,"href":"https:\/\/esentialaroms.com\/pt-pt\/wp-json\/wp\/v2\/product_cat?post=15261"},{"taxonomy":"product_tag","embeddable":true,"href":"https:\/\/esentialaroms.com\/pt-pt\/wp-json\/wp\/v2\/product_tag?post=15261"}],"curies":[{"name":"wp","href":"https:\/\/api.w.org\/{rel}","templated":true}]}}