{"id":15248,"date":"2026-05-07T14:10:42","date_gmt":"2026-05-07T12:10:42","guid":{"rendered":"https:\/\/esentialaroms.com\/productos\/lubrica-intim-15-ml-2\/"},"modified":"2026-05-07T14:23:27","modified_gmt":"2026-05-07T12:23:27","slug":"lubrica-intim-15-ml-2","status":"publish","type":"product","link":"https:\/\/esentialaroms.com\/pt-pt\/productos\/lubrica-intim-15-ml-2\/","title":{"rendered":"LUBRICA intim 15 ml"},"content":{"rendered":"<div>Hidratante \u00edntimo. Testado clinicamente. \u00d3leo natural. &nbsp;<\/div>\n","protected":false},"excerpt":{"rendered":"<div>LUBRICA intim\u00ae \u00e9 um produto preparado a partir de \u00f3leos vegetais virgens de damasco, abacate e argan*, macerado de cal\u00eandula* e \u00f3leos essenciais (O.E.B.B.D.**) de \u00e1rvore de ch\u00e1*, camomila e lavanda. *Ingrediente proveniente da Agricultura Org\u00e2nica. **\u00d3leos Essenciais Bot\u00e2nica e Bioquimicamente Definidos. &nbsp;<\/div>\n","protected":false},"featured_media":15249,"comment_status":"open","ping_status":"closed","template":"","meta":{"_acf_changed":false,"rs_blank_template":"","rs_page_bg_color":"","slide_template_v7":""},"product_brand":[],"product_cat":[504,464,323,510,341],"product_tag":[],"class_list":{"0":"post-15248","1":"product","2":"type-product","3":"status-publish","4":"has-post-thumbnail","6":"product_cat-corporalmente","7":"product_cat-esentialwoman","8":"product_cat-familias","9":"product_cat-higiene","10":"product_cat-precisa","12":"first","13":"instock","14":"shipping-taxable","15":"purchasable","16":"product-type-simple"},"acf":[],"_links":{"self":[{"href":"https:\/\/esentialaroms.com\/pt-pt\/wp-json\/wp\/v2\/product\/15248","targetHints":{"allow":["GET"]}}],"collection":[{"href":"https:\/\/esentialaroms.com\/pt-pt\/wp-json\/wp\/v2\/product"}],"about":[{"href":"https:\/\/esentialaroms.com\/pt-pt\/wp-json\/wp\/v2\/types\/product"}],"replies":[{"embeddable":true,"href":"https:\/\/esentialaroms.com\/pt-pt\/wp-json\/wp\/v2\/comments?post=15248"}],"version-history":[{"count":1,"href":"https:\/\/esentialaroms.com\/pt-pt\/wp-json\/wp\/v2\/product\/15248\/revisions"}],"predecessor-version":[{"id":15251,"href":"https:\/\/esentialaroms.com\/pt-pt\/wp-json\/wp\/v2\/product\/15248\/revisions\/15251"}],"wp:featuredmedia":[{"embeddable":true,"href":"https:\/\/esentialaroms.com\/pt-pt\/wp-json\/wp\/v2\/media\/15249"}],"wp:attachment":[{"href":"https:\/\/esentialaroms.com\/pt-pt\/wp-json\/wp\/v2\/media?parent=15248"}],"wp:term":[{"taxonomy":"product_brand","embeddable":true,"href":"https:\/\/esentialaroms.com\/pt-pt\/wp-json\/wp\/v2\/product_brand?post=15248"},{"taxonomy":"product_cat","embeddable":true,"href":"https:\/\/esentialaroms.com\/pt-pt\/wp-json\/wp\/v2\/product_cat?post=15248"},{"taxonomy":"product_tag","embeddable":true,"href":"https:\/\/esentialaroms.com\/pt-pt\/wp-json\/wp\/v2\/product_tag?post=15248"}],"curies":[{"name":"wp","href":"https:\/\/api.w.org\/{rel}","templated":true}]}}