{"id":15218,"date":"2026-05-07T14:10:35","date_gmt":"2026-05-07T12:10:35","guid":{"rendered":"https:\/\/esentialaroms.com\/productos\/sublime-glow-2\/"},"modified":"2026-05-07T14:23:26","modified_gmt":"2026-05-07T12:23:26","slug":"sublime-glow-2","status":"publish","type":"product","link":"https:\/\/esentialaroms.com\/pt-pt\/productos\/sublime-glow-2\/","title":{"rendered":"SUBLIME GLOW"},"content":{"rendered":"","protected":false},"excerpt":{"rendered":"<div>Este \u00f3leo seco gelificado combina as propriedades nutritivas, antioxidantes e regeneradoras de 9 \u00f3leos \u00fanicos para hidratar e nutrir a pele. Al\u00e9m disso, fornece um toque sublime \u00e0 pele gr\u00e2\u00e7as ao seu efeito dorado natural. &nbsp;<\/div>\n","protected":false},"featured_media":15219,"comment_status":"open","ping_status":"closed","template":"","meta":{"_acf_changed":false,"rs_blank_template":"","rs_page_bg_color":"","slide_template_v7":""},"product_brand":[],"product_cat":[525,504,507,356,323,341,333],"product_tag":[],"class_list":{"0":"post-15218","1":"product","2":"type-product","3":"status-publish","4":"has-post-thumbnail","6":"product_cat-anti-envelhecimento","7":"product_cat-corporalmente","8":"product_cat-cuidados-com-o-corpo","9":"product_cat-facial","10":"product_cat-familias","11":"product_cat-precisa","12":"product_cat-solar-esential","14":"first","15":"instock","16":"shipping-taxable","17":"purchasable","18":"product-type-simple"},"acf":[],"_links":{"self":[{"href":"https:\/\/esentialaroms.com\/pt-pt\/wp-json\/wp\/v2\/product\/15218","targetHints":{"allow":["GET"]}}],"collection":[{"href":"https:\/\/esentialaroms.com\/pt-pt\/wp-json\/wp\/v2\/product"}],"about":[{"href":"https:\/\/esentialaroms.com\/pt-pt\/wp-json\/wp\/v2\/types\/product"}],"replies":[{"embeddable":true,"href":"https:\/\/esentialaroms.com\/pt-pt\/wp-json\/wp\/v2\/comments?post=15218"}],"version-history":[{"count":1,"href":"https:\/\/esentialaroms.com\/pt-pt\/wp-json\/wp\/v2\/product\/15218\/revisions"}],"predecessor-version":[{"id":15221,"href":"https:\/\/esentialaroms.com\/pt-pt\/wp-json\/wp\/v2\/product\/15218\/revisions\/15221"}],"wp:featuredmedia":[{"embeddable":true,"href":"https:\/\/esentialaroms.com\/pt-pt\/wp-json\/wp\/v2\/media\/15219"}],"wp:attachment":[{"href":"https:\/\/esentialaroms.com\/pt-pt\/wp-json\/wp\/v2\/media?parent=15218"}],"wp:term":[{"taxonomy":"product_brand","embeddable":true,"href":"https:\/\/esentialaroms.com\/pt-pt\/wp-json\/wp\/v2\/product_brand?post=15218"},{"taxonomy":"product_cat","embeddable":true,"href":"https:\/\/esentialaroms.com\/pt-pt\/wp-json\/wp\/v2\/product_cat?post=15218"},{"taxonomy":"product_tag","embeddable":true,"href":"https:\/\/esentialaroms.com\/pt-pt\/wp-json\/wp\/v2\/product_tag?post=15218"}],"curies":[{"name":"wp","href":"https:\/\/api.w.org\/{rel}","templated":true}]}}