{"id":15204,"date":"2026-05-07T14:10:32","date_gmt":"2026-05-07T12:10:32","guid":{"rendered":"https:\/\/esentialaroms.com\/productos\/monoi-de-tahiti-2\/"},"modified":"2026-05-07T14:23:26","modified_gmt":"2026-05-07T12:23:26","slug":"monoi-de-tahiti-2","status":"publish","type":"product","link":"https:\/\/esentialaroms.com\/pt-pt\/productos\/monoi-de-tahiti-2\/","title":{"rendered":"MONO\u00cf DE TAHIT\u00cd"},"content":{"rendered":"","protected":false},"excerpt":{"rendered":"<div>O Mono\u00ef do Tahiti \u00e9 a macera\u00e7\u00e3o das FLORES de TIAR\u00c9 em \u00f3leo vegetal de coco. \u00c9 um produto tradicional da Polin\u00e9sia. Efeito altamente hidratante e suavizante da pele \u00b7 Bronzeamento luminoso e uniforme. &nbsp;<\/div>\n","protected":false},"featured_media":15205,"comment_status":"open","ping_status":"closed","template":"","meta":{"_acf_changed":false,"rs_blank_template":"","rs_page_bg_color":"","slide_template_v7":""},"product_brand":[],"product_cat":[323,333],"product_tag":[],"class_list":{"0":"post-15204","1":"product","2":"type-product","3":"status-publish","4":"has-post-thumbnail","6":"product_cat-familias","7":"product_cat-solar-esential","9":"first","10":"instock","11":"shipping-taxable","12":"purchasable","13":"product-type-simple"},"acf":[],"_links":{"self":[{"href":"https:\/\/esentialaroms.com\/pt-pt\/wp-json\/wp\/v2\/product\/15204","targetHints":{"allow":["GET"]}}],"collection":[{"href":"https:\/\/esentialaroms.com\/pt-pt\/wp-json\/wp\/v2\/product"}],"about":[{"href":"https:\/\/esentialaroms.com\/pt-pt\/wp-json\/wp\/v2\/types\/product"}],"replies":[{"embeddable":true,"href":"https:\/\/esentialaroms.com\/pt-pt\/wp-json\/wp\/v2\/comments?post=15204"}],"version-history":[{"count":1,"href":"https:\/\/esentialaroms.com\/pt-pt\/wp-json\/wp\/v2\/product\/15204\/revisions"}],"predecessor-version":[{"id":15206,"href":"https:\/\/esentialaroms.com\/pt-pt\/wp-json\/wp\/v2\/product\/15204\/revisions\/15206"}],"wp:featuredmedia":[{"embeddable":true,"href":"https:\/\/esentialaroms.com\/pt-pt\/wp-json\/wp\/v2\/media\/15205"}],"wp:attachment":[{"href":"https:\/\/esentialaroms.com\/pt-pt\/wp-json\/wp\/v2\/media?parent=15204"}],"wp:term":[{"taxonomy":"product_brand","embeddable":true,"href":"https:\/\/esentialaroms.com\/pt-pt\/wp-json\/wp\/v2\/product_brand?post=15204"},{"taxonomy":"product_cat","embeddable":true,"href":"https:\/\/esentialaroms.com\/pt-pt\/wp-json\/wp\/v2\/product_cat?post=15204"},{"taxonomy":"product_tag","embeddable":true,"href":"https:\/\/esentialaroms.com\/pt-pt\/wp-json\/wp\/v2\/product_tag?post=15204"}],"curies":[{"name":"wp","href":"https:\/\/api.w.org\/{rel}","templated":true}]}}