{"id":15193,"date":"2026-05-07T14:10:28","date_gmt":"2026-05-07T12:10:28","guid":{"rendered":"https:\/\/esentialaroms.com\/productos\/gel-corporal-bano-y-ducha-de-rosa-mosqueta-2\/"},"modified":"2026-05-07T14:23:26","modified_gmt":"2026-05-07T12:23:26","slug":"gel-corporal-bano-y-ducha-de-rosa-mosqueta-2","status":"publish","type":"product","link":"https:\/\/esentialaroms.com\/pt-pt\/productos\/gel-corporal-bano-y-ducha-de-rosa-mosqueta-2\/","title":{"rendered":"GEL CORPORAL DE BANHO E DUCHE Rosa-mosqueta"},"content":{"rendered":"","protected":false},"excerpt":{"rendered":"<div>Gel corporal altamente hidratante e protetor da pele. Hidrata e nutre a pele em profundidade, previne a secura e equilibra a pele. A Rosa Mosqueta, que tem uma a\u00e7\u00e3o regeneradora e antioxidante, combina as suas propriedades com as da flor de l\u00f3tus, das p\u00e9talas de rosa e do alo\u00e9 vera. Estes fitoactivos conferem a este gel propriedades hidratantes e protectoras da pele. &nbsp;<\/div>\n","protected":false},"featured_media":15194,"comment_status":"open","ping_status":"closed","template":"","meta":{"_acf_changed":false,"rs_blank_template":"","rs_page_bg_color":"","slide_template_v7":""},"product_brand":[],"product_cat":[323,486],"product_tag":[],"class_list":{"0":"post-15193","1":"product","2":"type-product","3":"status-publish","4":"has-post-thumbnail","6":"product_cat-familias","7":"product_cat-rosa-mosqueta","9":"first","10":"instock","11":"shipping-taxable","12":"purchasable","13":"product-type-simple"},"acf":[],"_links":{"self":[{"href":"https:\/\/esentialaroms.com\/pt-pt\/wp-json\/wp\/v2\/product\/15193","targetHints":{"allow":["GET"]}}],"collection":[{"href":"https:\/\/esentialaroms.com\/pt-pt\/wp-json\/wp\/v2\/product"}],"about":[{"href":"https:\/\/esentialaroms.com\/pt-pt\/wp-json\/wp\/v2\/types\/product"}],"replies":[{"embeddable":true,"href":"https:\/\/esentialaroms.com\/pt-pt\/wp-json\/wp\/v2\/comments?post=15193"}],"version-history":[{"count":1,"href":"https:\/\/esentialaroms.com\/pt-pt\/wp-json\/wp\/v2\/product\/15193\/revisions"}],"predecessor-version":[{"id":15195,"href":"https:\/\/esentialaroms.com\/pt-pt\/wp-json\/wp\/v2\/product\/15193\/revisions\/15195"}],"wp:featuredmedia":[{"embeddable":true,"href":"https:\/\/esentialaroms.com\/pt-pt\/wp-json\/wp\/v2\/media\/15194"}],"wp:attachment":[{"href":"https:\/\/esentialaroms.com\/pt-pt\/wp-json\/wp\/v2\/media?parent=15193"}],"wp:term":[{"taxonomy":"product_brand","embeddable":true,"href":"https:\/\/esentialaroms.com\/pt-pt\/wp-json\/wp\/v2\/product_brand?post=15193"},{"taxonomy":"product_cat","embeddable":true,"href":"https:\/\/esentialaroms.com\/pt-pt\/wp-json\/wp\/v2\/product_cat?post=15193"},{"taxonomy":"product_tag","embeddable":true,"href":"https:\/\/esentialaroms.com\/pt-pt\/wp-json\/wp\/v2\/product_tag?post=15193"}],"curies":[{"name":"wp","href":"https:\/\/api.w.org\/{rel}","templated":true}]}}