{"id":15182,"date":"2026-05-07T14:03:16","date_gmt":"2026-05-07T12:03:16","guid":{"rendered":"https:\/\/esentialaroms.com\/productos\/champu-de-rosa-mosqueta-2\/"},"modified":"2026-05-07T14:23:26","modified_gmt":"2026-05-07T12:23:26","slug":"champu-de-rosa-mosqueta-2","status":"publish","type":"product","link":"https:\/\/esentialaroms.com\/pt-pt\/productos\/champu-de-rosa-mosqueta-2\/","title":{"rendered":"CHAMP\u00da Rosa-mosqueta"},"content":{"rendered":"","protected":false},"excerpt":{"rendered":"<div>Champ\u00f4 altamente hidratante e regulador da secre\u00e7\u00e3o seb\u00e1cea para todos os tipos de cabelo. &nbsp;<\/div>\n","protected":false},"featured_media":15183,"comment_status":"open","ping_status":"closed","template":"","meta":{"_acf_changed":false,"rs_blank_template":"","rs_page_bg_color":"","slide_template_v7":""},"product_brand":[],"product_cat":[498,495,323,341,486],"product_tag":[],"class_list":{"0":"post-15182","1":"product","2":"type-product","3":"status-publish","4":"has-post-thumbnail","6":"product_cat-cabelo-e-couro-cabeludo","7":"product_cat-capilar","8":"product_cat-familias","9":"product_cat-precisa","10":"product_cat-rosa-mosqueta","12":"first","13":"instock","14":"shipping-taxable","15":"purchasable","16":"product-type-simple"},"acf":[],"_links":{"self":[{"href":"https:\/\/esentialaroms.com\/pt-pt\/wp-json\/wp\/v2\/product\/15182","targetHints":{"allow":["GET"]}}],"collection":[{"href":"https:\/\/esentialaroms.com\/pt-pt\/wp-json\/wp\/v2\/product"}],"about":[{"href":"https:\/\/esentialaroms.com\/pt-pt\/wp-json\/wp\/v2\/types\/product"}],"replies":[{"embeddable":true,"href":"https:\/\/esentialaroms.com\/pt-pt\/wp-json\/wp\/v2\/comments?post=15182"}],"version-history":[{"count":1,"href":"https:\/\/esentialaroms.com\/pt-pt\/wp-json\/wp\/v2\/product\/15182\/revisions"}],"predecessor-version":[{"id":15184,"href":"https:\/\/esentialaroms.com\/pt-pt\/wp-json\/wp\/v2\/product\/15182\/revisions\/15184"}],"wp:featuredmedia":[{"embeddable":true,"href":"https:\/\/esentialaroms.com\/pt-pt\/wp-json\/wp\/v2\/media\/15183"}],"wp:attachment":[{"href":"https:\/\/esentialaroms.com\/pt-pt\/wp-json\/wp\/v2\/media?parent=15182"}],"wp:term":[{"taxonomy":"product_brand","embeddable":true,"href":"https:\/\/esentialaroms.com\/pt-pt\/wp-json\/wp\/v2\/product_brand?post=15182"},{"taxonomy":"product_cat","embeddable":true,"href":"https:\/\/esentialaroms.com\/pt-pt\/wp-json\/wp\/v2\/product_cat?post=15182"},{"taxonomy":"product_tag","embeddable":true,"href":"https:\/\/esentialaroms.com\/pt-pt\/wp-json\/wp\/v2\/product_tag?post=15182"}],"curies":[{"name":"wp","href":"https:\/\/api.w.org\/{rel}","templated":true}]}}