{"id":15172,"date":"2026-05-07T14:03:06","date_gmt":"2026-05-07T12:03:06","guid":{"rendered":"https:\/\/esentialaroms.com\/productos\/gel-corporal-bano-y-ducha-de-argan-2\/"},"modified":"2026-05-07T14:23:25","modified_gmt":"2026-05-07T12:23:25","slug":"gel-corporal-bano-y-ducha-de-argan-2","status":"publish","type":"product","link":"https:\/\/esentialaroms.com\/pt-pt\/productos\/gel-corporal-bano-y-ducha-de-argan-2\/","title":{"rendered":"GEL CORPORAL DE BANHO E DUCHE Argan"},"content":{"rendered":"","protected":false},"excerpt":{"rendered":"<div>Hidrata e nutre profundamente a pele. O arg\u00e3o, juntamente com as propriedades do sumo de alo\u00e9 vera e da toranja, proporciona uma a\u00e7\u00e3o regeneradora, nutritiva e altamente hidratante. Com ingredientes biol\u00f3gicos. &nbsp;<\/div>\n","protected":false},"featured_media":15173,"comment_status":"open","ping_status":"closed","template":"","meta":{"_acf_changed":false,"rs_blank_template":"","rs_page_bg_color":"","slide_template_v7":""},"product_brand":[],"product_cat":[326,323],"product_tag":[],"class_list":{"0":"post-15172","1":"product","2":"type-product","3":"status-publish","4":"has-post-thumbnail","6":"product_cat-argan","7":"product_cat-familias","9":"first","10":"instock","11":"shipping-taxable","12":"purchasable","13":"product-type-simple"},"acf":[],"_links":{"self":[{"href":"https:\/\/esentialaroms.com\/pt-pt\/wp-json\/wp\/v2\/product\/15172","targetHints":{"allow":["GET"]}}],"collection":[{"href":"https:\/\/esentialaroms.com\/pt-pt\/wp-json\/wp\/v2\/product"}],"about":[{"href":"https:\/\/esentialaroms.com\/pt-pt\/wp-json\/wp\/v2\/types\/product"}],"replies":[{"embeddable":true,"href":"https:\/\/esentialaroms.com\/pt-pt\/wp-json\/wp\/v2\/comments?post=15172"}],"version-history":[{"count":1,"href":"https:\/\/esentialaroms.com\/pt-pt\/wp-json\/wp\/v2\/product\/15172\/revisions"}],"predecessor-version":[{"id":15174,"href":"https:\/\/esentialaroms.com\/pt-pt\/wp-json\/wp\/v2\/product\/15172\/revisions\/15174"}],"wp:featuredmedia":[{"embeddable":true,"href":"https:\/\/esentialaroms.com\/pt-pt\/wp-json\/wp\/v2\/media\/15173"}],"wp:attachment":[{"href":"https:\/\/esentialaroms.com\/pt-pt\/wp-json\/wp\/v2\/media?parent=15172"}],"wp:term":[{"taxonomy":"product_brand","embeddable":true,"href":"https:\/\/esentialaroms.com\/pt-pt\/wp-json\/wp\/v2\/product_brand?post=15172"},{"taxonomy":"product_cat","embeddable":true,"href":"https:\/\/esentialaroms.com\/pt-pt\/wp-json\/wp\/v2\/product_cat?post=15172"},{"taxonomy":"product_tag","embeddable":true,"href":"https:\/\/esentialaroms.com\/pt-pt\/wp-json\/wp\/v2\/product_tag?post=15172"}],"curies":[{"name":"wp","href":"https:\/\/api.w.org\/{rel}","templated":true}]}}