{"id":15138,"date":"2026-05-07T14:02:50","date_gmt":"2026-05-07T12:02:50","guid":{"rendered":"https:\/\/esentialaroms.com\/productos\/esential-pic-pack-aromamoskit-brazalete-2\/"},"modified":"2026-05-07T14:23:24","modified_gmt":"2026-05-07T12:23:24","slug":"esential-pic-pack-aromamoskit-brazalete-2","status":"publish","type":"product","link":"https:\/\/esentialaroms.com\/pt-pt\/productos\/esential-pic-pack-aromamoskit-brazalete-2\/","title":{"rendered":"Esential Pic Pack AROMAMOSKIT + Pulseira"},"content":{"rendered":"","protected":false},"excerpt":{"rendered":"<div>\u00d3leo essencial citronela. Erva natural de Indon\u00e9sia, pertence \u00e0 fam\u00edlia das po\u00e1ceas. O \u00f3leo essencial e obtido por destila\u00e7\u00e3o a vapor de agua da erva fresca. &nbsp;<\/div>\n<div>Presente: pulseira Esential\u2019ar\u00f4ms: cria um campo de prote\u00e7\u00e3o antimosquitos, at\u00e9 1 metro ao redor da pulseira (waterproof). &nbsp;<\/div>\n","protected":false},"featured_media":15139,"comment_status":"open","ping_status":"closed","template":"","meta":{"_acf_changed":false,"rs_blank_template":"","rs_page_bg_color":"","slide_template_v7":""},"product_brand":[],"product_cat":[450,323,549,341,546],"product_tag":[],"class_list":{"0":"post-15138","1":"product","2":"type-product","3":"status-publish","4":"has-post-thumbnail","6":"product_cat-anti-mosquito","7":"product_cat-familias","8":"product_cat-mosquitos","9":"product_cat-precisa","10":"product_cat-repelentes-naturais","12":"first","13":"instock","14":"shipping-taxable","15":"purchasable","16":"product-type-simple"},"acf":[],"_links":{"self":[{"href":"https:\/\/esentialaroms.com\/pt-pt\/wp-json\/wp\/v2\/product\/15138","targetHints":{"allow":["GET"]}}],"collection":[{"href":"https:\/\/esentialaroms.com\/pt-pt\/wp-json\/wp\/v2\/product"}],"about":[{"href":"https:\/\/esentialaroms.com\/pt-pt\/wp-json\/wp\/v2\/types\/product"}],"replies":[{"embeddable":true,"href":"https:\/\/esentialaroms.com\/pt-pt\/wp-json\/wp\/v2\/comments?post=15138"}],"version-history":[{"count":1,"href":"https:\/\/esentialaroms.com\/pt-pt\/wp-json\/wp\/v2\/product\/15138\/revisions"}],"predecessor-version":[{"id":15141,"href":"https:\/\/esentialaroms.com\/pt-pt\/wp-json\/wp\/v2\/product\/15138\/revisions\/15141"}],"wp:featuredmedia":[{"embeddable":true,"href":"https:\/\/esentialaroms.com\/pt-pt\/wp-json\/wp\/v2\/media\/15139"}],"wp:attachment":[{"href":"https:\/\/esentialaroms.com\/pt-pt\/wp-json\/wp\/v2\/media?parent=15138"}],"wp:term":[{"taxonomy":"product_brand","embeddable":true,"href":"https:\/\/esentialaroms.com\/pt-pt\/wp-json\/wp\/v2\/product_brand?post=15138"},{"taxonomy":"product_cat","embeddable":true,"href":"https:\/\/esentialaroms.com\/pt-pt\/wp-json\/wp\/v2\/product_cat?post=15138"},{"taxonomy":"product_tag","embeddable":true,"href":"https:\/\/esentialaroms.com\/pt-pt\/wp-json\/wp\/v2\/product_tag?post=15138"}],"curies":[{"name":"wp","href":"https:\/\/api.w.org\/{rel}","templated":true}]}}