{"id":15124,"date":"2026-05-07T14:02:46","date_gmt":"2026-05-07T12:02:46","guid":{"rendered":"https:\/\/esentialaroms.com\/productos\/pack-dos-cuarzos-rosa-rodados-2\/"},"modified":"2026-05-07T14:23:23","modified_gmt":"2026-05-07T12:23:23","slug":"pack-dos-cuarzos-rosa-rodados-2","status":"publish","type":"product","link":"https:\/\/esentialaroms.com\/pt-pt\/productos\/pack-dos-cuarzos-rosa-rodados-2\/","title":{"rendered":"PACK DOIS QUARZOS ROSA POLIDOS"},"content":{"rendered":"<div>O quartzo rosa possui uma frequ\u00eancia suave e sutil. &nbsp;<\/div>\n<div>Simbolismo: Amor verdadeiro, infunde o amor por si mesmo e pelos outros. Caminho obrigat\u00f3rio para a auto-realiza\u00e7\u00e3o, paz interior, plenitude e felicidade. \u00c9 a ternura, a bondade, o perd\u00e3o, a autoestima e o cuidado de si mesmo. &nbsp;<\/div>\n<div>Chakra associado: 4\u00ba chakra, o cora\u00e7\u00e3o. &nbsp;<\/div>\n<div>Polaridade: dar e receber. &nbsp;<\/div>\n<div>Composi\u00e7\u00e3o: \u00e9 um di\u00f3xido de sil\u00edcio. &nbsp;<\/div>\n","protected":false},"excerpt":{"rendered":"<div>Cuidado das feridas emocionais. &nbsp;<\/div>\n<div>Supera\u00e7\u00e3o do sentimento de abandono, dissolu\u00e7\u00e3o de cargas emocionais, ressentimento  e medo emocional. &nbsp;<\/div>\n","protected":false},"featured_media":15125,"comment_status":"open","ping_status":"closed","template":"","meta":{"_acf_changed":false,"rs_blank_template":"","rs_page_bg_color":"","slide_template_v7":""},"product_brand":[],"product_cat":[323,479],"product_tag":[],"class_list":{"0":"post-15124","1":"product","2":"type-product","3":"status-publish","4":"has-post-thumbnail","6":"product_cat-familias","7":"product_cat-massage-oil","9":"first","10":"instock","11":"shipping-taxable","12":"purchasable","13":"product-type-simple"},"acf":[],"_links":{"self":[{"href":"https:\/\/esentialaroms.com\/pt-pt\/wp-json\/wp\/v2\/product\/15124","targetHints":{"allow":["GET"]}}],"collection":[{"href":"https:\/\/esentialaroms.com\/pt-pt\/wp-json\/wp\/v2\/product"}],"about":[{"href":"https:\/\/esentialaroms.com\/pt-pt\/wp-json\/wp\/v2\/types\/product"}],"replies":[{"embeddable":true,"href":"https:\/\/esentialaroms.com\/pt-pt\/wp-json\/wp\/v2\/comments?post=15124"}],"version-history":[{"count":1,"href":"https:\/\/esentialaroms.com\/pt-pt\/wp-json\/wp\/v2\/product\/15124\/revisions"}],"predecessor-version":[{"id":15126,"href":"https:\/\/esentialaroms.com\/pt-pt\/wp-json\/wp\/v2\/product\/15124\/revisions\/15126"}],"wp:featuredmedia":[{"embeddable":true,"href":"https:\/\/esentialaroms.com\/pt-pt\/wp-json\/wp\/v2\/media\/15125"}],"wp:attachment":[{"href":"https:\/\/esentialaroms.com\/pt-pt\/wp-json\/wp\/v2\/media?parent=15124"}],"wp:term":[{"taxonomy":"product_brand","embeddable":true,"href":"https:\/\/esentialaroms.com\/pt-pt\/wp-json\/wp\/v2\/product_brand?post=15124"},{"taxonomy":"product_cat","embeddable":true,"href":"https:\/\/esentialaroms.com\/pt-pt\/wp-json\/wp\/v2\/product_cat?post=15124"},{"taxonomy":"product_tag","embeddable":true,"href":"https:\/\/esentialaroms.com\/pt-pt\/wp-json\/wp\/v2\/product_tag?post=15124"}],"curies":[{"name":"wp","href":"https:\/\/api.w.org\/{rel}","templated":true}]}}