{"id":15112,"date":"2026-05-07T14:02:38","date_gmt":"2026-05-07T12:02:38","guid":{"rendered":"https:\/\/esentialaroms.com\/productos\/pack-nitstop-2\/"},"modified":"2026-05-07T14:23:23","modified_gmt":"2026-05-07T12:23:23","slug":"pack-nitstop-2","status":"publish","type":"product","link":"https:\/\/esentialaroms.com\/pt-pt\/productos\/pack-nitstop-2\/","title":{"rendered":"PACK NITSTOP"},"content":{"rendered":"<div>Este pack cont\u00e9m: &nbsp;<\/div>\n<div>\u00b7 Lo\u00e7\u00e3o cuidado capilar infantil  \u201cPara a escola, sem surpresas\u201d Com \u00e1rvore de ch\u00e1, lavanda, eucalipto, menta, erva-lim\u00e3o e mirtilo. &nbsp;<\/div>\n<div>\u00b7 Champ\u00f4 cuidado capilar infantil \u201cPara a escola, sem surpresas\u201d Com \u00e1rvore de ch\u00e1 e cal\u00eandula. &nbsp;<\/div>\n","protected":false},"excerpt":{"rendered":"<div>LO\u00c7\u00c3O &nbsp;<\/div>\n<div>Lo\u00e7\u00e3o cuidado capilarproduto biodegrad\u00e1vel. N\u00e3o cont\u00e9m fragr\u00e2ncias sint\u00e9ticas oucorantes artificiais, ftalatos, silicones, parafina, ou parabenos. &nbsp;<\/div>\n<div><\/div>\n<div>CHAMP\u00d4 &nbsp;<\/div>\n<div>Champ\u00f4 elaborado com mat\u00e9rias primas naturais e ingredientes de origem natural para o cuidado preventivo do cabelo da crian\u00e7a em idade escolar. Com as propriedades da \u00e1rvore de ch\u00e1, da lavanda e do aloe vera. &nbsp;<\/div>\n","protected":false},"featured_media":15113,"comment_status":"open","ping_status":"closed","template":"","meta":{"_acf_changed":false,"rs_blank_template":"","rs_page_bg_color":"","slide_template_v7":""},"product_brand":[],"product_cat":[323,466,552,341,546],"product_tag":[],"class_list":{"0":"post-15112","1":"product","2":"type-product","3":"status-publish","4":"has-post-thumbnail","6":"product_cat-familias","7":"product_cat-kids-esential","8":"product_cat-piolhos","9":"product_cat-precisa","10":"product_cat-repelentes-naturais","12":"first","13":"instock","14":"shipping-taxable","15":"purchasable","16":"product-type-simple"},"acf":[],"_links":{"self":[{"href":"https:\/\/esentialaroms.com\/pt-pt\/wp-json\/wp\/v2\/product\/15112","targetHints":{"allow":["GET"]}}],"collection":[{"href":"https:\/\/esentialaroms.com\/pt-pt\/wp-json\/wp\/v2\/product"}],"about":[{"href":"https:\/\/esentialaroms.com\/pt-pt\/wp-json\/wp\/v2\/types\/product"}],"replies":[{"embeddable":true,"href":"https:\/\/esentialaroms.com\/pt-pt\/wp-json\/wp\/v2\/comments?post=15112"}],"version-history":[{"count":1,"href":"https:\/\/esentialaroms.com\/pt-pt\/wp-json\/wp\/v2\/product\/15112\/revisions"}],"predecessor-version":[{"id":15115,"href":"https:\/\/esentialaroms.com\/pt-pt\/wp-json\/wp\/v2\/product\/15112\/revisions\/15115"}],"wp:featuredmedia":[{"embeddable":true,"href":"https:\/\/esentialaroms.com\/pt-pt\/wp-json\/wp\/v2\/media\/15113"}],"wp:attachment":[{"href":"https:\/\/esentialaroms.com\/pt-pt\/wp-json\/wp\/v2\/media?parent=15112"}],"wp:term":[{"taxonomy":"product_brand","embeddable":true,"href":"https:\/\/esentialaroms.com\/pt-pt\/wp-json\/wp\/v2\/product_brand?post=15112"},{"taxonomy":"product_cat","embeddable":true,"href":"https:\/\/esentialaroms.com\/pt-pt\/wp-json\/wp\/v2\/product_cat?post=15112"},{"taxonomy":"product_tag","embeddable":true,"href":"https:\/\/esentialaroms.com\/pt-pt\/wp-json\/wp\/v2\/product_tag?post=15112"}],"curies":[{"name":"wp","href":"https:\/\/api.w.org\/{rel}","templated":true}]}}