{"id":15097,"date":"2026-05-07T14:02:34","date_gmt":"2026-05-07T12:02:34","guid":{"rendered":"https:\/\/esentialaroms.com\/productos\/dd-crema-de-dia-purifying-piel-mixta-grasa-2\/"},"modified":"2026-05-07T14:23:22","modified_gmt":"2026-05-07T12:23:22","slug":"dd-crema-de-dia-purifying-piel-mixta-grasa-2","status":"publish","type":"product","link":"https:\/\/esentialaroms.com\/pt-pt\/productos\/dd-crema-de-dia-purifying-piel-mixta-grasa-2\/","title":{"rendered":"DD DAY CREAM PURIFYING Pele Mista-Oleosa"},"content":{"rendered":"<div>Defesa di\u00e1ria. Creme de dia. Prote\u00e7\u00e3o anti-manchas. Regulador seb\u00e1ceo. Anti-vermelhid\u00e3o. &nbsp;<\/div>\n","protected":false},"excerpt":{"rendered":"<div>Com ingredientes com a\u00e7\u00e3o seborreguladora comprovada. Creme de \u00faltima gera\u00e7\u00e3o formulado com um emulsionante de origem natural extra\u00eddo da azeitona que actua como ingrediente ativo; um complexo de \u00e1cidos gordos com uma composi\u00e7\u00e3o semelhante \u00e0 composi\u00e7\u00e3o lip\u00eddica da pele que melhora a integridade da barreira cut\u00e2nea. Previne o aparecimento de manchas. &nbsp;<\/div>\n","protected":false},"featured_media":15098,"comment_status":"open","ping_status":"closed","template":"","meta":{"_acf_changed":false,"rs_blank_template":"","rs_page_bg_color":"","slide_template_v7":""},"product_brand":[],"product_cat":[456,356,323,341,362],"product_tag":[],"class_list":{"0":"post-15097","1":"product","2":"type-product","3":"status-publish","4":"has-post-thumbnail","6":"product_cat-beleza-consciente","7":"product_cat-facial","8":"product_cat-familias","9":"product_cat-precisa","10":"product_cat-tipo-de-pele","12":"first","13":"instock","14":"shipping-taxable","15":"purchasable","16":"product-type-simple"},"acf":[],"_links":{"self":[{"href":"https:\/\/esentialaroms.com\/pt-pt\/wp-json\/wp\/v2\/product\/15097","targetHints":{"allow":["GET"]}}],"collection":[{"href":"https:\/\/esentialaroms.com\/pt-pt\/wp-json\/wp\/v2\/product"}],"about":[{"href":"https:\/\/esentialaroms.com\/pt-pt\/wp-json\/wp\/v2\/types\/product"}],"replies":[{"embeddable":true,"href":"https:\/\/esentialaroms.com\/pt-pt\/wp-json\/wp\/v2\/comments?post=15097"}],"version-history":[{"count":1,"href":"https:\/\/esentialaroms.com\/pt-pt\/wp-json\/wp\/v2\/product\/15097\/revisions"}],"predecessor-version":[{"id":15100,"href":"https:\/\/esentialaroms.com\/pt-pt\/wp-json\/wp\/v2\/product\/15097\/revisions\/15100"}],"wp:featuredmedia":[{"embeddable":true,"href":"https:\/\/esentialaroms.com\/pt-pt\/wp-json\/wp\/v2\/media\/15098"}],"wp:attachment":[{"href":"https:\/\/esentialaroms.com\/pt-pt\/wp-json\/wp\/v2\/media?parent=15097"}],"wp:term":[{"taxonomy":"product_brand","embeddable":true,"href":"https:\/\/esentialaroms.com\/pt-pt\/wp-json\/wp\/v2\/product_brand?post=15097"},{"taxonomy":"product_cat","embeddable":true,"href":"https:\/\/esentialaroms.com\/pt-pt\/wp-json\/wp\/v2\/product_cat?post=15097"},{"taxonomy":"product_tag","embeddable":true,"href":"https:\/\/esentialaroms.com\/pt-pt\/wp-json\/wp\/v2\/product_tag?post=15097"}],"curies":[{"name":"wp","href":"https:\/\/api.w.org\/{rel}","templated":true}]}}