{"id":15067,"date":"2026-05-07T14:02:26","date_gmt":"2026-05-07T12:02:26","guid":{"rendered":"https:\/\/esentialaroms.com\/productos\/dd-crema-de-dia-comfort-piel-seca-2\/"},"modified":"2026-05-07T14:23:21","modified_gmt":"2026-05-07T12:23:21","slug":"dd-crema-de-dia-comfort-piel-seca-2","status":"publish","type":"product","link":"https:\/\/esentialaroms.com\/pt-pt\/productos\/dd-crema-de-dia-comfort-piel-seca-2\/","title":{"rendered":"DD DAY CREAM COMFORT Pele Seca"},"content":{"rendered":"<div>Defesa di\u00e1ria. Creme de dia. Prote\u00e7\u00e3o anti-manchas. Ultra-hidrata\u00e7\u00e3o 12 horas. &nbsp;<\/div>\n","protected":false},"excerpt":{"rendered":"<div>Com ingredientes de efic\u00e1cia calmante comprovada que regulam o equil\u00edbrio h\u00eddrico, reduzem a perda de \u00e1gua e refor\u00e7am a fun\u00e7\u00e3o de barreira. Creme de \u00faltima gera\u00e7\u00e3o formulado com emulsionante de origem natural extra\u00eddo da azeitona que se comporta como um ingrediente ativo; complexo de \u00e1cidos gordos com uma composi\u00e7\u00e3o semelhante \u00e0 composi\u00e7\u00e3o lip\u00eddica da pele que melhora a integridade da barreira cut\u00e2nea. Previne o aparecimento de manchas. &nbsp;<\/div>\n","protected":false},"featured_media":15068,"comment_status":"open","ping_status":"closed","template":"","meta":{"_acf_changed":false,"rs_blank_template":"","rs_page_bg_color":"","slide_template_v7":""},"product_brand":[],"product_cat":[456,356,323,341,362],"product_tag":[],"class_list":{"0":"post-15067","1":"product","2":"type-product","3":"status-publish","4":"has-post-thumbnail","6":"product_cat-beleza-consciente","7":"product_cat-facial","8":"product_cat-familias","9":"product_cat-precisa","10":"product_cat-tipo-de-pele","12":"first","13":"instock","14":"shipping-taxable","15":"purchasable","16":"product-type-simple"},"acf":[],"_links":{"self":[{"href":"https:\/\/esentialaroms.com\/pt-pt\/wp-json\/wp\/v2\/product\/15067","targetHints":{"allow":["GET"]}}],"collection":[{"href":"https:\/\/esentialaroms.com\/pt-pt\/wp-json\/wp\/v2\/product"}],"about":[{"href":"https:\/\/esentialaroms.com\/pt-pt\/wp-json\/wp\/v2\/types\/product"}],"replies":[{"embeddable":true,"href":"https:\/\/esentialaroms.com\/pt-pt\/wp-json\/wp\/v2\/comments?post=15067"}],"version-history":[{"count":1,"href":"https:\/\/esentialaroms.com\/pt-pt\/wp-json\/wp\/v2\/product\/15067\/revisions"}],"predecessor-version":[{"id":15070,"href":"https:\/\/esentialaroms.com\/pt-pt\/wp-json\/wp\/v2\/product\/15067\/revisions\/15070"}],"wp:featuredmedia":[{"embeddable":true,"href":"https:\/\/esentialaroms.com\/pt-pt\/wp-json\/wp\/v2\/media\/15068"}],"wp:attachment":[{"href":"https:\/\/esentialaroms.com\/pt-pt\/wp-json\/wp\/v2\/media?parent=15067"}],"wp:term":[{"taxonomy":"product_brand","embeddable":true,"href":"https:\/\/esentialaroms.com\/pt-pt\/wp-json\/wp\/v2\/product_brand?post=15067"},{"taxonomy":"product_cat","embeddable":true,"href":"https:\/\/esentialaroms.com\/pt-pt\/wp-json\/wp\/v2\/product_cat?post=15067"},{"taxonomy":"product_tag","embeddable":true,"href":"https:\/\/esentialaroms.com\/pt-pt\/wp-json\/wp\/v2\/product_tag?post=15067"}],"curies":[{"name":"wp","href":"https:\/\/api.w.org\/{rel}","templated":true}]}}