{"id":15037,"date":"2026-05-07T13:56:22","date_gmt":"2026-05-07T11:56:22","guid":{"rendered":"https:\/\/esentialaroms.com\/productos\/laminaria-scrub-2\/"},"modified":"2026-05-07T14:23:21","modified_gmt":"2026-05-07T12:23:21","slug":"laminaria-scrub-2","status":"publish","type":"product","link":"https:\/\/esentialaroms.com\/pt-pt\/productos\/laminaria-scrub-2\/","title":{"rendered":"LAMINARIA SCRUB"},"content":{"rendered":"<div>Esfoliante corporal, redutor e reafirmante. &nbsp;<\/div>\n","protected":false},"excerpt":{"rendered":"<div>Esfolia e deposita os minerais e oligoelementos da alga lamin\u00e1ria na pele. Permite realizar uma esfolia\u00e7\u00e3o intensiva, ao mesmo tempo que remineraliza e prepara a pele para a aplica\u00e7\u00e3o do creme de algas e das envolv\u00eancias. &nbsp;<\/div>\n","protected":false},"featured_media":15039,"comment_status":"open","ping_status":"closed","template":"","meta":{"_acf_changed":false,"rs_blank_template":"","rs_page_bg_color":"","slide_template_v7":""},"product_brand":[],"product_cat":[446,557,504,507,323,341,516],"product_tag":[],"class_list":{"0":"post-15037","1":"product","2":"type-product","3":"status-publish","4":"has-post-thumbnail","6":"product_cat-anticelulitis","7":"product_cat-best-sellers","8":"product_cat-corporalmente","9":"product_cat-cuidados-com-o-corpo","10":"product_cat-familias","11":"product_cat-precisa","12":"product_cat-silhueta","14":"first","15":"instock","16":"shipping-taxable","17":"purchasable","18":"product-type-simple"},"acf":[],"_links":{"self":[{"href":"https:\/\/esentialaroms.com\/pt-pt\/wp-json\/wp\/v2\/product\/15037","targetHints":{"allow":["GET"]}}],"collection":[{"href":"https:\/\/esentialaroms.com\/pt-pt\/wp-json\/wp\/v2\/product"}],"about":[{"href":"https:\/\/esentialaroms.com\/pt-pt\/wp-json\/wp\/v2\/types\/product"}],"replies":[{"embeddable":true,"href":"https:\/\/esentialaroms.com\/pt-pt\/wp-json\/wp\/v2\/comments?post=15037"}],"version-history":[{"count":1,"href":"https:\/\/esentialaroms.com\/pt-pt\/wp-json\/wp\/v2\/product\/15037\/revisions"}],"predecessor-version":[{"id":15040,"href":"https:\/\/esentialaroms.com\/pt-pt\/wp-json\/wp\/v2\/product\/15037\/revisions\/15040"}],"wp:featuredmedia":[{"embeddable":true,"href":"https:\/\/esentialaroms.com\/pt-pt\/wp-json\/wp\/v2\/media\/15039"}],"wp:attachment":[{"href":"https:\/\/esentialaroms.com\/pt-pt\/wp-json\/wp\/v2\/media?parent=15037"}],"wp:term":[{"taxonomy":"product_brand","embeddable":true,"href":"https:\/\/esentialaroms.com\/pt-pt\/wp-json\/wp\/v2\/product_brand?post=15037"},{"taxonomy":"product_cat","embeddable":true,"href":"https:\/\/esentialaroms.com\/pt-pt\/wp-json\/wp\/v2\/product_cat?post=15037"},{"taxonomy":"product_tag","embeddable":true,"href":"https:\/\/esentialaroms.com\/pt-pt\/wp-json\/wp\/v2\/product_tag?post=15037"}],"curies":[{"name":"wp","href":"https:\/\/api.w.org\/{rel}","templated":true}]}}