{"id":15023,"date":"2026-05-07T13:56:20","date_gmt":"2026-05-07T11:56:20","guid":{"rendered":"https:\/\/esentialaroms.com\/productos\/crema-de-alga-laminaria-2\/"},"modified":"2026-05-07T14:23:21","modified_gmt":"2026-05-07T12:23:21","slug":"crema-de-alga-laminaria-2","status":"publish","type":"product","link":"https:\/\/esentialaroms.com\/pt-pt\/productos\/crema-de-alga-laminaria-2\/","title":{"rendered":"CREME DE ALGA LAMINARIA"},"content":{"rendered":"<div>A lamin\u00e1ria \u00e9 uma alga marinha rica em alginatos, minerais e oligoelementos. O seu teor em alginatos confere-lhe propriedades altamente hidratantes, al\u00e9m de ser remineralizante. Para utilizar em todos os tratamentos redutores e reafirmantes. As algas lamin\u00e1rias s\u00e3o trituradas frescas at\u00e9 obter uma creme fina, rica em minerais e oligoelementos, que penetra facilmente na epiderme. &nbsp;<\/div>\n","protected":false},"excerpt":{"rendered":"<div>As algas lamin\u00e1rias s\u00e3o trituradas frescas at\u00e9 obterem uma creme fina, rica em minerais e oligoelementos, que penetra facilmente na epiderme. &nbsp;<\/div>\n","protected":false},"featured_media":15024,"comment_status":"open","ping_status":"closed","template":"","meta":{"_acf_changed":false,"rs_blank_template":"","rs_page_bg_color":"","slide_template_v7":""},"product_brand":[],"product_cat":[446,504,323,341,516],"product_tag":[],"class_list":{"0":"post-15023","1":"product","2":"type-product","3":"status-publish","4":"has-post-thumbnail","6":"product_cat-anticelulitis","7":"product_cat-corporalmente","8":"product_cat-familias","9":"product_cat-precisa","10":"product_cat-silhueta","12":"first","13":"instock","14":"shipping-taxable","15":"purchasable","16":"product-type-simple"},"acf":[],"_links":{"self":[{"href":"https:\/\/esentialaroms.com\/pt-pt\/wp-json\/wp\/v2\/product\/15023","targetHints":{"allow":["GET"]}}],"collection":[{"href":"https:\/\/esentialaroms.com\/pt-pt\/wp-json\/wp\/v2\/product"}],"about":[{"href":"https:\/\/esentialaroms.com\/pt-pt\/wp-json\/wp\/v2\/types\/product"}],"replies":[{"embeddable":true,"href":"https:\/\/esentialaroms.com\/pt-pt\/wp-json\/wp\/v2\/comments?post=15023"}],"version-history":[{"count":1,"href":"https:\/\/esentialaroms.com\/pt-pt\/wp-json\/wp\/v2\/product\/15023\/revisions"}],"predecessor-version":[{"id":15025,"href":"https:\/\/esentialaroms.com\/pt-pt\/wp-json\/wp\/v2\/product\/15023\/revisions\/15025"}],"wp:featuredmedia":[{"embeddable":true,"href":"https:\/\/esentialaroms.com\/pt-pt\/wp-json\/wp\/v2\/media\/15024"}],"wp:attachment":[{"href":"https:\/\/esentialaroms.com\/pt-pt\/wp-json\/wp\/v2\/media?parent=15023"}],"wp:term":[{"taxonomy":"product_brand","embeddable":true,"href":"https:\/\/esentialaroms.com\/pt-pt\/wp-json\/wp\/v2\/product_brand?post=15023"},{"taxonomy":"product_cat","embeddable":true,"href":"https:\/\/esentialaroms.com\/pt-pt\/wp-json\/wp\/v2\/product_cat?post=15023"},{"taxonomy":"product_tag","embeddable":true,"href":"https:\/\/esentialaroms.com\/pt-pt\/wp-json\/wp\/v2\/product_tag?post=15023"}],"curies":[{"name":"wp","href":"https:\/\/api.w.org\/{rel}","templated":true}]}}