{"id":14979,"date":"2026-05-07T13:56:09","date_gmt":"2026-05-07T11:56:09","guid":{"rendered":"https:\/\/esentialaroms.com\/productos\/cleantonic-comfort-piel-seca-2\/"},"modified":"2026-05-07T14:23:19","modified_gmt":"2026-05-07T12:23:19","slug":"cleantonic-comfort-piel-seca-2","status":"publish","type":"product","link":"https:\/\/esentialaroms.com\/pt-pt\/productos\/cleantonic-comfort-piel-seca-2\/","title":{"rendered":"CLEANTONIC COMFORT Pele Seca"},"content":{"rendered":"","protected":false},"excerpt":{"rendered":"<div>CLEANTONIC Comfort &#8211; pele seca combina uma sele\u00e7\u00e3o \u00fanica de fitoativos com extratos de frutas ricas em \u00e1cido m\u00facico, que tem a capacidade de captar os metais pesados na pele. Limpa, hidrata, tonifica, nutre a pele e facilita a elimina\u00e7\u00e3o dos restos de maquilhagem, sebo e polui\u00e7\u00e3o de forma natural. &nbsp;<\/div>\n","protected":false},"featured_media":14980,"comment_status":"open","ping_status":"closed","template":"","meta":{"_acf_changed":false,"rs_blank_template":"","rs_page_bg_color":"","slide_template_v7":""},"product_brand":[],"product_cat":[525,456,504,359,507,356,323,341,362],"product_tag":[],"class_list":{"0":"post-14979","1":"product","2":"type-product","3":"status-publish","4":"has-post-thumbnail","6":"product_cat-anti-envelhecimento","7":"product_cat-beleza-consciente","8":"product_cat-corporalmente","9":"product_cat-cuidados-com-a-pele","10":"product_cat-cuidados-com-o-corpo","11":"product_cat-facial","12":"product_cat-familias","13":"product_cat-precisa","14":"product_cat-tipo-de-pele","16":"first","17":"instock","18":"shipping-taxable","19":"purchasable","20":"product-type-simple"},"acf":[],"_links":{"self":[{"href":"https:\/\/esentialaroms.com\/pt-pt\/wp-json\/wp\/v2\/product\/14979","targetHints":{"allow":["GET"]}}],"collection":[{"href":"https:\/\/esentialaroms.com\/pt-pt\/wp-json\/wp\/v2\/product"}],"about":[{"href":"https:\/\/esentialaroms.com\/pt-pt\/wp-json\/wp\/v2\/types\/product"}],"replies":[{"embeddable":true,"href":"https:\/\/esentialaroms.com\/pt-pt\/wp-json\/wp\/v2\/comments?post=14979"}],"version-history":[{"count":1,"href":"https:\/\/esentialaroms.com\/pt-pt\/wp-json\/wp\/v2\/product\/14979\/revisions"}],"predecessor-version":[{"id":14982,"href":"https:\/\/esentialaroms.com\/pt-pt\/wp-json\/wp\/v2\/product\/14979\/revisions\/14982"}],"wp:featuredmedia":[{"embeddable":true,"href":"https:\/\/esentialaroms.com\/pt-pt\/wp-json\/wp\/v2\/media\/14980"}],"wp:attachment":[{"href":"https:\/\/esentialaroms.com\/pt-pt\/wp-json\/wp\/v2\/media?parent=14979"}],"wp:term":[{"taxonomy":"product_brand","embeddable":true,"href":"https:\/\/esentialaroms.com\/pt-pt\/wp-json\/wp\/v2\/product_brand?post=14979"},{"taxonomy":"product_cat","embeddable":true,"href":"https:\/\/esentialaroms.com\/pt-pt\/wp-json\/wp\/v2\/product_cat?post=14979"},{"taxonomy":"product_tag","embeddable":true,"href":"https:\/\/esentialaroms.com\/pt-pt\/wp-json\/wp\/v2\/product_tag?post=14979"}],"curies":[{"name":"wp","href":"https:\/\/api.w.org\/{rel}","templated":true}]}}