{"id":14964,"date":"2026-05-07T13:56:05","date_gmt":"2026-05-07T11:56:05","guid":{"rendered":"https:\/\/esentialaroms.com\/productos\/phytoserum-purifying-piel-mixta-grasa-2\/"},"modified":"2026-05-07T14:23:18","modified_gmt":"2026-05-07T12:23:18","slug":"phytoserum-purifying-piel-mixta-grasa-2","status":"publish","type":"product","link":"https:\/\/esentialaroms.com\/pt-pt\/productos\/phytoserum-purifying-piel-mixta-grasa-2\/","title":{"rendered":"PHYTOS\u00c9RUM PURIFYING Pele Mista-Oleosa"},"content":{"rendered":"<div>S\u00e9rum purificante. Concentrado de noite regulador e anti-manchas. Prote\u00e7\u00e3o anti-oxidante da pele. &nbsp;<\/div>\n","protected":false},"excerpt":{"rendered":"<div>S\u00e9rum fito-reparador 100% de origem natural com ingredientes activos de origem vegetal de absor\u00e7\u00e3o r\u00e1pida. &nbsp;<\/div>\n<div>Com ingredientes que ajudam a regular a produ\u00e7\u00e3o de sebo e a regenerar a pele. &nbsp;<\/div>\n","protected":false},"featured_media":14965,"comment_status":"open","ping_status":"closed","template":"","meta":{"_acf_changed":false,"rs_blank_template":"","rs_page_bg_color":"","slide_template_v7":""},"product_brand":[],"product_cat":[525,456,359,356,323,341,362],"product_tag":[],"class_list":{"0":"post-14964","1":"product","2":"type-product","3":"status-publish","4":"has-post-thumbnail","6":"product_cat-anti-envelhecimento","7":"product_cat-beleza-consciente","8":"product_cat-cuidados-com-a-pele","9":"product_cat-facial","10":"product_cat-familias","11":"product_cat-precisa","12":"product_cat-tipo-de-pele","14":"first","15":"instock","16":"shipping-taxable","17":"purchasable","18":"product-type-simple"},"acf":[],"_links":{"self":[{"href":"https:\/\/esentialaroms.com\/pt-pt\/wp-json\/wp\/v2\/product\/14964","targetHints":{"allow":["GET"]}}],"collection":[{"href":"https:\/\/esentialaroms.com\/pt-pt\/wp-json\/wp\/v2\/product"}],"about":[{"href":"https:\/\/esentialaroms.com\/pt-pt\/wp-json\/wp\/v2\/types\/product"}],"replies":[{"embeddable":true,"href":"https:\/\/esentialaroms.com\/pt-pt\/wp-json\/wp\/v2\/comments?post=14964"}],"version-history":[{"count":1,"href":"https:\/\/esentialaroms.com\/pt-pt\/wp-json\/wp\/v2\/product\/14964\/revisions"}],"predecessor-version":[{"id":14967,"href":"https:\/\/esentialaroms.com\/pt-pt\/wp-json\/wp\/v2\/product\/14964\/revisions\/14967"}],"wp:featuredmedia":[{"embeddable":true,"href":"https:\/\/esentialaroms.com\/pt-pt\/wp-json\/wp\/v2\/media\/14965"}],"wp:attachment":[{"href":"https:\/\/esentialaroms.com\/pt-pt\/wp-json\/wp\/v2\/media?parent=14964"}],"wp:term":[{"taxonomy":"product_brand","embeddable":true,"href":"https:\/\/esentialaroms.com\/pt-pt\/wp-json\/wp\/v2\/product_brand?post=14964"},{"taxonomy":"product_cat","embeddable":true,"href":"https:\/\/esentialaroms.com\/pt-pt\/wp-json\/wp\/v2\/product_cat?post=14964"},{"taxonomy":"product_tag","embeddable":true,"href":"https:\/\/esentialaroms.com\/pt-pt\/wp-json\/wp\/v2\/product_tag?post=14964"}],"curies":[{"name":"wp","href":"https:\/\/api.w.org\/{rel}","templated":true}]}}